{"id":14,"date":"2024-05-04T14:05:56","date_gmt":"2024-05-04T12:05:56","guid":{"rendered":"http:\/\/mimi.im-aufbruch.com\/?page_id=14"},"modified":"2025-09-28T16:07:54","modified_gmt":"2025-09-28T14:07:54","slug":"ueber-mich","status":"publish","type":"page","link":"https:\/\/mimi.im-aufbruch.com\/index.php\/ueber-mich\/","title":{"rendered":"\u00fcber mich"},"content":{"rendered":"\n<figure class=\"wp-block-image size-large\"><img loading=\"lazy\" decoding=\"async\" width=\"1024\" height=\"768\" src=\"http:\/\/mimi.im-aufbruch.com\/wp-content\/uploads\/2024\/05\/TinType-709496547.876180-1024x768.jpg\" alt=\"\" class=\"wp-image-515\" srcset=\"https:\/\/mimi.im-aufbruch.com\/wp-content\/uploads\/2024\/05\/TinType-709496547.876180-1024x768.jpg 1024w, https:\/\/mimi.im-aufbruch.com\/wp-content\/uploads\/2024\/05\/TinType-709496547.876180-300x225.jpg 300w, https:\/\/mimi.im-aufbruch.com\/wp-content\/uploads\/2024\/05\/TinType-709496547.876180-768x576.jpg 768w, https:\/\/mimi.im-aufbruch.com\/wp-content\/uploads\/2024\/05\/TinType-709496547.876180-1536x1152.jpg 1536w, https:\/\/mimi.im-aufbruch.com\/wp-content\/uploads\/2024\/05\/TinType-709496547.876180-2048x1536.jpg 2048w, https:\/\/mimi.im-aufbruch.com\/wp-content\/uploads\/2024\/05\/TinType-709496547.876180-596x447.jpg 596w\" sizes=\"auto, (max-width: 1024px) 100vw, 1024px\" \/><\/figure>\n\n\n\n<h3 class=\"wp-block-heading\">Wer bin ich&#8230;?&nbsp;<\/h3>\n\n\n\n<h5 class=\"wp-block-heading\">Es ist jedesmal ein Albtraum f\u00fcr mich, wenn es darum geht, diese Frage zu beantworten.<br>Viele Menschen definieren sich an dieser Stelle \u00fcber ihren Besitz. \u00dcber ihren Lebenslauf. Oder noch b\u00fcrokratischer, \u00fcber ihre Diplome.&nbsp;<\/h5>\n\n\n\n<h3 class=\"wp-block-heading\">Wer bin ich&#8230;?&nbsp;<\/h3>\n\n\n\n<h5 class=\"wp-block-heading\">In erster Linie ein Mensch.<br>Jugoslawischer Herkunft mit deutschem Pass und halbfranz\u00f6sischen erwachsenen S\u00f6hnen.<br>Geboren in Deutschland, studiert in der Schweiz, lange gelebt in Frankreich.<br>Aus dem Theater kommend, Stimme lehrend, Texte schreibend.&nbsp;<br><br>Bewandert in Psychologie und Handwerk mit einem unverborgenen Hang zur Malerei.<br>Wortklauber, Sinnsucher, Intensivlebender.<br>Emanzipiert und frei genug, um nicht mit Genderkeulen um mich zu schlagen. Und doch ganz klar Frau. Vielleicht gerade aus diesem Grund.&nbsp;<br>Nestbauer, Stubenhocker und deshalb auch Nomade. <br>Menschenliebender und Eremit.&nbsp;<\/h5>\n\n\n\n<figure class=\"wp-block-gallery has-nested-images columns-default is-cropped wp-block-gallery-1 is-layout-flex wp-block-gallery-is-layout-flex\">\n<figure class=\"wp-block-image size-large\"><img loading=\"lazy\" decoding=\"async\" width=\"775\" height=\"1024\" data-id=\"116\" src=\"http:\/\/mimi.im-aufbruch.com\/wp-content\/uploads\/2024\/05\/IMG_3164-775x1024.jpg\" alt=\"\" class=\"wp-image-116\" srcset=\"https:\/\/mimi.im-aufbruch.com\/wp-content\/uploads\/2024\/05\/IMG_3164-775x1024.jpg 775w, https:\/\/mimi.im-aufbruch.com\/wp-content\/uploads\/2024\/05\/IMG_3164-227x300.jpg 227w, https:\/\/mimi.im-aufbruch.com\/wp-content\/uploads\/2024\/05\/IMG_3164-768x1015.jpg 768w, https:\/\/mimi.im-aufbruch.com\/wp-content\/uploads\/2024\/05\/IMG_3164.jpg 1129w\" sizes=\"auto, (max-width: 775px) 100vw, 775px\" \/><\/figure>\n\n\n\n<figure class=\"wp-block-image size-large\"><img loading=\"lazy\" decoding=\"async\" width=\"770\" height=\"1024\" data-id=\"109\" src=\"http:\/\/mimi.im-aufbruch.com\/wp-content\/uploads\/2024\/05\/IMG_3157-770x1024.jpg\" alt=\"\" class=\"wp-image-109\" srcset=\"https:\/\/mimi.im-aufbruch.com\/wp-content\/uploads\/2024\/05\/IMG_3157-770x1024.jpg 770w, https:\/\/mimi.im-aufbruch.com\/wp-content\/uploads\/2024\/05\/IMG_3157-225x300.jpg 225w, https:\/\/mimi.im-aufbruch.com\/wp-content\/uploads\/2024\/05\/IMG_3157-768x1022.jpg 768w, https:\/\/mimi.im-aufbruch.com\/wp-content\/uploads\/2024\/05\/IMG_3157.jpg 1119w\" sizes=\"auto, (max-width: 770px) 100vw, 770px\" \/><\/figure>\n<\/figure>\n\n\n\n<h3 class=\"wp-block-heading\">Ja, wer bin ich&#8230;?&nbsp;<\/h3>\n\n\n\n<h5 class=\"wp-block-heading\">Die Menschen, die mich in meinem Leben bisher ber\u00fchrt und vielleicht sogar gepr\u00e4gt haben, haben mich nie durch ihren Lebenslauf oder ihre Besitzt\u00fcmer beeindruckt. Im Gegenteil.<br>Ich durfte Menschen begegnen, die ein erfolgreiches B\u00fchnenleben f\u00fchrten, mich menschlich jedoch nasskalt zur\u00fcckliessen. Ich habe Menschen getroffen, die mir ihre&nbsp;Palette an beeindruckenden Diplomen pr\u00e4sentierten, und gleichzeitig kein vern\u00fcnftiges bewegendes Gespr\u00e4ch zustande brachten.<br>Und Menschen, die mit leeren H\u00e4nden durch ihr Leben gingen und aus denen F\u00fclle und Freude str\u00f6mte.&nbsp;<\/h5>\n\n\n\n<h3 class=\"wp-block-heading\">Wer bin ich&#8230;?&nbsp;<\/h3>\n\n\n\n<h5 class=\"wp-block-heading\">Diese Frage stelle ich mir heute nicht mehr.<br>Vielmehr trage ich einen treibenden Gedanken in mir:&nbsp;<\/h5>\n\n\n\n<h3 class=\"wp-block-heading\">Was m\u00f6chte ich heute in die Welt tragen?&nbsp;<\/h3>\n\n\n\n<figure class=\"wp-block-gallery has-nested-images columns-default is-cropped wp-block-gallery-2 is-layout-flex wp-block-gallery-is-layout-flex\">\n<figure class=\"wp-block-image size-full\"><img loading=\"lazy\" decoding=\"async\" width=\"750\" height=\"995\" data-id=\"171\" src=\"http:\/\/mimi.im-aufbruch.com\/wp-content\/uploads\/2024\/05\/IMG_7212.jpg\" alt=\"\" class=\"wp-image-171\" srcset=\"https:\/\/mimi.im-aufbruch.com\/wp-content\/uploads\/2024\/05\/IMG_7212.jpg 750w, https:\/\/mimi.im-aufbruch.com\/wp-content\/uploads\/2024\/05\/IMG_7212-226x300.jpg 226w\" sizes=\"auto, (max-width: 750px) 100vw, 750px\" \/><\/figure>\n\n\n\n<figure class=\"wp-block-image size-full\"><img loading=\"lazy\" decoding=\"async\" width=\"750\" height=\"1002\" data-id=\"173\" src=\"http:\/\/mimi.im-aufbruch.com\/wp-content\/uploads\/2024\/05\/IMG_7210-1.jpg\" alt=\"\" class=\"wp-image-173\" srcset=\"https:\/\/mimi.im-aufbruch.com\/wp-content\/uploads\/2024\/05\/IMG_7210-1.jpg 750w, https:\/\/mimi.im-aufbruch.com\/wp-content\/uploads\/2024\/05\/IMG_7210-1-225x300.jpg 225w, https:\/\/mimi.im-aufbruch.com\/wp-content\/uploads\/2024\/05\/IMG_7210-1-440x587.jpg 440w\" sizes=\"auto, (max-width: 750px) 100vw, 750px\" \/><\/figure>\n<\/figure>\n\n\n\n<h3 class=\"wp-block-heading\">Begegnung. Mut. Menschlichkeit.&nbsp;<\/h3>\n\n\n\n<h5 class=\"wp-block-heading\">Diese drei Punkte h\u00e4ngen in meinen Augen eng zusammen.<br>Wenn ich den Mut finde, mich und meine Menschlichkeit zum ungefilterten Ausdruck zu bringen, findet unweigerlich Begegnung statt.&nbsp;<br><br>Ich habe diese Webseite \u201eim Aufbruch\u201c genannt, da ich daran glaube, dass Menschen in dem oben beschriebenen Augenblick in ihre Bewegung kommen. Dann, wenn diese drei Bereiche ineinander finden. Oder ineinander finden wollen.&nbsp;<br><br>Ich glaube, dass es zur intimen Sehnsucht des Menschen geh\u00f6rt, sich in irgendeiner Form auszudr\u00fccken, sich aus seiner H\u00fclse zu dr\u00fccken und sich dann mit der Welt zu teilen, sich mitzuteilen.&nbsp;<br><br>Ich glaube, dass dieser bewegte Mensch eine Gnade ist f\u00fcr die Welt. Das klingt jetzt sehr gross. Ich weiss.<br>Das darf es ruhig auch.&nbsp;<br><br>Begegnung. Mut. Menschlichkeit.&nbsp;<br><br>Wenn Menschen, die meine Wege kreuzen, irgendwann sagen \u201ediese Frau hat mich bewegt\u201c, dann will ich gerne die sein, die ich bin.&nbsp;<\/h5>\n\n\n\n<figure class=\"wp-block-gallery has-nested-images columns-default is-cropped wp-block-gallery-3 is-layout-flex wp-block-gallery-is-layout-flex\">\n<figure class=\"wp-block-image size-large\"><img loading=\"lazy\" decoding=\"async\" width=\"827\" height=\"1024\" data-id=\"100\" src=\"http:\/\/mimi.im-aufbruch.com\/wp-content\/uploads\/2024\/05\/IMG_3139-827x1024.jpg\" alt=\"\" class=\"wp-image-100\" srcset=\"https:\/\/mimi.im-aufbruch.com\/wp-content\/uploads\/2024\/05\/IMG_3139-827x1024.jpg 827w, https:\/\/mimi.im-aufbruch.com\/wp-content\/uploads\/2024\/05\/IMG_3139-242x300.jpg 242w, https:\/\/mimi.im-aufbruch.com\/wp-content\/uploads\/2024\/05\/IMG_3139-768x951.jpg 768w, https:\/\/mimi.im-aufbruch.com\/wp-content\/uploads\/2024\/05\/IMG_3139.jpg 1241w\" sizes=\"auto, (max-width: 827px) 100vw, 827px\" \/><\/figure>\n\n\n\n<figure class=\"wp-block-image size-large\"><img loading=\"lazy\" decoding=\"async\" width=\"759\" height=\"1024\" data-id=\"167\" src=\"http:\/\/mimi.im-aufbruch.com\/wp-content\/uploads\/2024\/05\/IMG_3236-759x1024.jpg\" alt=\"\" class=\"wp-image-167\" srcset=\"https:\/\/mimi.im-aufbruch.com\/wp-content\/uploads\/2024\/05\/IMG_3236-759x1024.jpg 759w, https:\/\/mimi.im-aufbruch.com\/wp-content\/uploads\/2024\/05\/IMG_3236-222x300.jpg 222w, https:\/\/mimi.im-aufbruch.com\/wp-content\/uploads\/2024\/05\/IMG_3236-768x1037.jpg 768w, https:\/\/mimi.im-aufbruch.com\/wp-content\/uploads\/2024\/05\/IMG_3236.jpg 1138w\" sizes=\"auto, (max-width: 759px) 100vw, 759px\" \/><\/figure>\n<\/figure>\n\n\n\n<h3 class=\"wp-block-heading\">Eckdaten&nbsp;<\/h3>\n\n\n\n<ul class=\"wp-block-list\">\n<li>Name: miRjana petRicevic.<\/li>\n\n\n\n<li>Jahrgang 1971, geboren in Heilbronn\/Deutschland.<\/li>\n\n\n\n<li>Abitur 1990.<\/li>\n\n\n\n<li>Klassische Gesangsausbildung (1991-93) in Stuttgart bei James Thomas (USA, Theater an der Wien).<\/li>\n\n\n\n<li>Scuola Teatro Dimitri (1993-96) im Tessin\/Schweiz, Ausbildung in Bewegungstheater.<\/li>\n\n\n\n<li>Ab 1996 in Frankreich lebend.<\/li>\n\n\n\n<li>Mutter zweier S\u00f6hne (1997 und 1999).<\/li>\n\n\n\n<li>Ausbildung in Psychophonie und Chant pr\u00e9natal in Paris (1997-98).<\/li>\n\n\n\n<li>10 Jahre Begleitung schwangerer Frauen mittels Atem- und Stimmarbeit im Hinblick auf eine bewusst gelebte Geburt mit realer Schmerzlinderung.<\/li>\n\n\n\n<li>15 Jahre Gestaltung kultureller und p\u00e4dagogischer Projekte in und um Paris, wie&nbsp;z.B. Ausbildung junger Schauspieler und B\u00fchnenschaffender, oder Erarbeitung verschiedener B\u00fchnenwerke in berufs\u00fcbergreifenden Kooperationen.<\/li>\n\n\n\n<li>Auftritte mit eigenen St\u00fccken (Lieder, Prosa, Theater).<\/li>\n\n\n\n<li>Soziales Engagement, beispielsweise durch Theaterarbeit mit Sondersch\u00fclern oder schwer erziehbaren Jugendlichen.&nbsp;<\/li>\n\n\n\n<li>Theater ausserhalb der B\u00fchne als Klinikclown.<\/li>\n\n\n\n<li>Umzug nach S\u00fcdfrankreich (2010).<\/li>\n\n\n\n<li>3 Jahre Alltagsbegleitung von sprachlosen Menschen in schwerer autistischer Verkapselung und Vertiefung meiner Recherche \u00fcber K\u00f6rper und Klang in emotionalen Krisen.<\/li>\n\n\n\n<li>Lebenshilfe f\u00fcr Alzheimerpatienten im Endstadium.<\/li>\n\n\n\n<li>Fernstudium zum psychologischen Berater mit Abschlussarbeit (2015) zum Thema \u00ab Stimmarbeit als optimales Werkzeug in der psychologischen Begleitung von Erwachsenen \u00bb.<\/li>\n\n\n\n<li>Hinwendung zur Bildenden Kunst (2016).<\/li>\n\n\n\n<li>Mixed Media auf Papier und Leinwand.<\/li>\n\n\n\n<li>Ausbildung zum Kunstschreiner mit staatlicher Gesellenpr\u00fcfung (2017) in Frankreich.<\/li>\n\n\n\n<li>Ausbau eines Lieferwagens zum Campervan (2017) und bis Ende 2019 Leben als Nomade im europ\u00e4ischen Raum.<\/li>\n\n\n\n<li>Kurse im deutschsprachigen Raum seit 2017. Sowohl mit Privatpersonen als auch in der Zusammenarbeit mit Unternehmen (Collini GmbH, Vorarlberg). <\/li>\n\n\n\n<li>Kammerlesungen des Theatermonolog LE CRI \u2013 DER SCHREI (geschrieben 2006, ins Deutsche \u00fcbersetzt 2017).<\/li>\n\n\n\n<li>K\u00fcnstlerresidenz (AIR \u2013 artists in residence) der Stadt Salzburg (2019). <\/li>\n\n\n\n<li>Ausstellung in der Kulisse Wien (2019).<\/li>\n\n\n\n<li>Hinwendung zur Holzbildhauerei (2019).<\/li>\n\n\n\n<li>Portraitfotografie (seit 2010).<\/li>\n\n\n\n<li>Blogger (seit 2014).<\/li>\n\n\n\n<li>Online-Kurse f\u00fcr Frauen, k\u00fcnstlerische Gestaltung und Innenarbeit (seit 2020).<\/li>\n\n\n\n<li>Umzug nach Kroatien (2020), auf den Spuren meiner Wurzeln, erste Schritte in Haus- und Gartenbau. <\/li>\n\n\n\n<li>R\u00fcckkehr nach Frankreich (2025) mit unseren drei Hunden und sechs Katzen aus Kroatien.<\/li>\n<\/ul>\n\n\n\n<figure class=\"wp-block-gallery has-nested-images columns-default is-cropped wp-block-gallery-4 is-layout-flex wp-block-gallery-is-layout-flex\">\n<figure class=\"wp-block-image size-large\"><img loading=\"lazy\" decoding=\"async\" width=\"1024\" height=\"1021\" data-id=\"493\" src=\"http:\/\/mimi.im-aufbruch.com\/wp-content\/uploads\/2024\/05\/IMG_3287-1024x1021.jpg\" alt=\"\" class=\"wp-image-493\" srcset=\"https:\/\/mimi.im-aufbruch.com\/wp-content\/uploads\/2024\/05\/IMG_3287-1024x1021.jpg 1024w, https:\/\/mimi.im-aufbruch.com\/wp-content\/uploads\/2024\/05\/IMG_3287-300x300.jpg 300w, https:\/\/mimi.im-aufbruch.com\/wp-content\/uploads\/2024\/05\/IMG_3287-150x150.jpg 150w, https:\/\/mimi.im-aufbruch.com\/wp-content\/uploads\/2024\/05\/IMG_3287-768x766.jpg 768w, https:\/\/mimi.im-aufbruch.com\/wp-content\/uploads\/2024\/05\/IMG_3287-1536x1531.jpg 1536w, https:\/\/mimi.im-aufbruch.com\/wp-content\/uploads\/2024\/05\/IMG_3287-71x71.jpg 71w, https:\/\/mimi.im-aufbruch.com\/wp-content\/uploads\/2024\/05\/IMG_3287-236x236.jpg 236w, https:\/\/mimi.im-aufbruch.com\/wp-content\/uploads\/2024\/05\/IMG_3287-85x85.jpg 85w, https:\/\/mimi.im-aufbruch.com\/wp-content\/uploads\/2024\/05\/IMG_3287-50x50.jpg 50w, https:\/\/mimi.im-aufbruch.com\/wp-content\/uploads\/2024\/05\/IMG_3287.jpg 1541w\" sizes=\"auto, (max-width: 1024px) 100vw, 1024px\" \/><\/figure>\n\n\n\n<figure class=\"wp-block-image size-full\"><img loading=\"lazy\" decoding=\"async\" width=\"960\" height=\"960\" data-id=\"490\" src=\"http:\/\/mimi.im-aufbruch.com\/wp-content\/uploads\/2024\/05\/SJEY0155.jpg\" alt=\"\" class=\"wp-image-490\" srcset=\"https:\/\/mimi.im-aufbruch.com\/wp-content\/uploads\/2024\/05\/SJEY0155.jpg 960w, https:\/\/mimi.im-aufbruch.com\/wp-content\/uploads\/2024\/05\/SJEY0155-300x300.jpg 300w, https:\/\/mimi.im-aufbruch.com\/wp-content\/uploads\/2024\/05\/SJEY0155-150x150.jpg 150w, https:\/\/mimi.im-aufbruch.com\/wp-content\/uploads\/2024\/05\/SJEY0155-768x768.jpg 768w, https:\/\/mimi.im-aufbruch.com\/wp-content\/uploads\/2024\/05\/SJEY0155-640x640.jpg 640w, https:\/\/mimi.im-aufbruch.com\/wp-content\/uploads\/2024\/05\/SJEY0155-950x950.jpg 950w, https:\/\/mimi.im-aufbruch.com\/wp-content\/uploads\/2024\/05\/SJEY0155-71x71.jpg 71w, https:\/\/mimi.im-aufbruch.com\/wp-content\/uploads\/2024\/05\/SJEY0155-236x236.jpg 236w, https:\/\/mimi.im-aufbruch.com\/wp-content\/uploads\/2024\/05\/SJEY0155-85x85.jpg 85w, https:\/\/mimi.im-aufbruch.com\/wp-content\/uploads\/2024\/05\/SJEY0155-50x50.jpg 50w\" sizes=\"auto, (max-width: 960px) 100vw, 960px\" \/><\/figure>\n<\/figure>\n\n\n\n<div style=\"height:52px\" aria-hidden=\"true\" class=\"wp-block-spacer\"><\/div>\n\n\n\n<h3 class=\"wp-block-heading\">Mein Leben mit der Kunst<\/h3>\n\n\n\n<div class=\"wp-block-buttons is-layout-flex wp-block-buttons-is-layout-flex\">\n<div class=\"wp-block-button is-style-outline is-style-outline--5\"><a class=\"wp-block-button__link wp-element-button\" href=\"http:\/\/mimi.im-aufbruch.com\/index.php\/mein-leben-mit-der-kunst\/\">weiterlesen<\/a><\/div>\n<\/div>\n","protected":false},"excerpt":{"rendered":"<p>Wer bin ich&#8230;?&nbsp; Es ist jedesmal ein Albtraum f\u00fcr mich,<span class=\"more-button\"><a href=\"https:\/\/mimi.im-aufbruch.com\/index.php\/ueber-mich\/\" class=\"more-link\">Continue reading<span class=\"screen-reader-text\">\u00fcber mich<\/span><\/a><\/span><\/p>\n","protected":false},"author":1,"featured_media":120,"parent":0,"menu_order":0,"comment_status":"closed","ping_status":"closed","template":"","meta":{"footnotes":""},"class_list":["post-14","page","type-page","status-publish","has-post-thumbnail","hentry"],"_links":{"self":[{"href":"https:\/\/mimi.im-aufbruch.com\/index.php\/wp-json\/wp\/v2\/pages\/14","targetHints":{"allow":["GET"]}}],"collection":[{"href":"https:\/\/mimi.im-aufbruch.com\/index.php\/wp-json\/wp\/v2\/pages"}],"about":[{"href":"https:\/\/mimi.im-aufbruch.com\/index.php\/wp-json\/wp\/v2\/types\/page"}],"author":[{"embeddable":true,"href":"https:\/\/mimi.im-aufbruch.com\/index.php\/wp-json\/wp\/v2\/users\/1"}],"replies":[{"embeddable":true,"href":"https:\/\/mimi.im-aufbruch.com\/index.php\/wp-json\/wp\/v2\/comments?post=14"}],"version-history":[{"count":14,"href":"https:\/\/mimi.im-aufbruch.com\/index.php\/wp-json\/wp\/v2\/pages\/14\/revisions"}],"predecessor-version":[{"id":849,"href":"https:\/\/mimi.im-aufbruch.com\/index.php\/wp-json\/wp\/v2\/pages\/14\/revisions\/849"}],"wp:featuredmedia":[{"embeddable":true,"href":"https:\/\/mimi.im-aufbruch.com\/index.php\/wp-json\/wp\/v2\/media\/120"}],"wp:attachment":[{"href":"https:\/\/mimi.im-aufbruch.com\/index.php\/wp-json\/wp\/v2\/media?parent=14"}],"curies":[{"name":"wp","href":"https:\/\/api.w.org\/{rel}","templated":true}]}}