{"id":18,"date":"2024-05-04T14:07:15","date_gmt":"2024-05-04T12:07:15","guid":{"rendered":"http:\/\/mimi.im-aufbruch.com\/?page_id=18"},"modified":"2024-05-07T10:51:14","modified_gmt":"2024-05-07T08:51:14","slug":"mein-leben-mit-der-kunst","status":"publish","type":"page","link":"https:\/\/mimi.im-aufbruch.com\/index.php\/mein-leben-mit-der-kunst\/","title":{"rendered":"mein leben mit der kunst"},"content":{"rendered":"\n<figure class=\"wp-block-image size-large\"><img loading=\"lazy\" decoding=\"async\" width=\"1024\" height=\"703\" src=\"http:\/\/mimi.im-aufbruch.com\/wp-content\/uploads\/2024\/05\/IMG_3239-1024x703.jpg\" alt=\"\" class=\"wp-image-190\" srcset=\"https:\/\/mimi.im-aufbruch.com\/wp-content\/uploads\/2024\/05\/IMG_3239-1024x703.jpg 1024w, https:\/\/mimi.im-aufbruch.com\/wp-content\/uploads\/2024\/05\/IMG_3239-300x206.jpg 300w, https:\/\/mimi.im-aufbruch.com\/wp-content\/uploads\/2024\/05\/IMG_3239-768x527.jpg 768w, https:\/\/mimi.im-aufbruch.com\/wp-content\/uploads\/2024\/05\/IMG_3239-1536x1055.jpg 1536w, https:\/\/mimi.im-aufbruch.com\/wp-content\/uploads\/2024\/05\/IMG_3239.jpg 2048w\" sizes=\"auto, (max-width: 1024px) 100vw, 1024px\" \/><\/figure>\n\n\n\n<div style=\"height:30px\" aria-hidden=\"true\" class=\"wp-block-spacer\"><\/div>\n\n\n\n<h5 class=\"wp-block-heading\">Ich war 20, als ich beschloss, mein Leben der Kunst zu widmen. Ich hatte keine wirkliche Ahnung, was dies in der Konsequenz bedeuten w\u00fcrde, doch ich wusste in seltsamer Klarheit, dass ich mich nicht f\u00fcr einen Beruf entschied, sondern f\u00fcr eine Lebensweise.&nbsp;<br><br>Eine Nonne oder ein M\u00f6nch, die sich mit Gott verm\u00e4hlen, gehen in dieser Verbindung durch H\u00f6hen und Tiefen. Mal sind sie Gott nahe, voller Vertrauen, mit \u00fcberzeugtem Wissen, mal schwimmen sie in Zweifeln, entfernen sich innerlich und empfinden Leere. Es ist die Verm\u00e4hlung, die sie bindet, dieses Engagement f\u00fchrt zu einer tagt\u00e4glichen Auseinandersetzung.<\/h5>\n\n\n\n<h3 class=\"wp-block-heading\">Ich habe mich nicht mit Gott verm\u00e4hlt, ich habe einen Pakt mit der Kunst geschlossen.<\/h3>\n\n\n\n<h5 class=\"wp-block-heading\">Sie ist mein Wegbegleiter seit inzwischen 30 Jahren. Wir hatten zeitweise ein leidenschaftliches Verh\u00e4ltnis, und auch ein resigniertes. Sie wurde mir zum besten Lehrmeister wie alles, dem wir uns hingeben.&nbsp;<\/h5>\n\n\n\n<figure class=\"wp-block-image size-large\"><img loading=\"lazy\" decoding=\"async\" width=\"1024\" height=\"716\" src=\"http:\/\/mimi.im-aufbruch.com\/wp-content\/uploads\/2024\/05\/IMG_3240-1024x716.jpg\" alt=\"\" class=\"wp-image-191\" srcset=\"https:\/\/mimi.im-aufbruch.com\/wp-content\/uploads\/2024\/05\/IMG_3240-1024x716.jpg 1024w, https:\/\/mimi.im-aufbruch.com\/wp-content\/uploads\/2024\/05\/IMG_3240-300x210.jpg 300w, https:\/\/mimi.im-aufbruch.com\/wp-content\/uploads\/2024\/05\/IMG_3240-768x537.jpg 768w, https:\/\/mimi.im-aufbruch.com\/wp-content\/uploads\/2024\/05\/IMG_3240-1536x1074.jpg 1536w, https:\/\/mimi.im-aufbruch.com\/wp-content\/uploads\/2024\/05\/IMG_3240.jpg 2048w\" sizes=\"auto, (max-width: 1024px) 100vw, 1024px\" \/><\/figure>\n\n\n\n<h3 class=\"wp-block-heading\">Kunst ist kompromisslos.&nbsp;<\/h3>\n\n\n\n<h5 class=\"wp-block-heading\">Und ich musste so oft Kompromisse eingehen, um meine Kinder zu ern\u00e4hren und die Miete zu bezahlen. Sie stellte sich mir nie in den Weg diesbez\u00fcglich, doch ich wusste, dass es in erster Linie um Broterwerb ging. Ich versuchte trotzdem, nicht alle meine Werte zu verraten und ihr treu zu bleiben.&nbsp;<br><br>Menschen idealisieren K\u00fcnstlerleben, doch der Alltag ist weit entfernt von einem Ideal.&nbsp;<\/h5>\n\n\n\n<h3 class=\"wp-block-heading\">Kunst fordert Integrit\u00e4t.&nbsp;<\/h3>\n\n\n\n<h5 class=\"wp-block-heading\">Auf die B\u00fchne zu gehen, ohne voll und ganz hinter dem zu Verk\u00f6rpernden zu stehen, ist manchmal ein Gewaltakt. Doch es ist gut, immer wieder schonungslos mit sich selbst konfrontiert zu sein, auch \u00f6ffentlich.&nbsp;<\/h5>\n\n\n\n<h3 class=\"wp-block-heading\">Kunst fordert Hingabe.&nbsp;<\/h3>\n\n\n\n<h5 class=\"wp-block-heading\">Sie ist nicht die stille Geliebte, die wir zwischen zwei Termine schieben k\u00f6nnen. Sie will uns ganz und gar, mit Leib und Seele. Und sie hat Recht. Wer von uns will schon halbherzig geliebt werden?&nbsp;<br><br>Es gab Jahre, da habe ich mich von ihr abgewendet. Genug! Bin ich auf dem Irrweg? Wer bitte braucht Kunst? Macht sie Sinn?<br>Ich \u00fcbernahm das allgemeine unwissende Denken unserer Gesellschaft und drehte der Kunst den R\u00fccken zu. Noch dazu bin ich ein Mensch, der mit Milieugehabe nicht zurecht kommt und so liess ich frohen Herzens alle und alles hinter mir.&nbsp;<br><br>Nun, das war der Plan. Als ob eine Nonne sich einfach so von Gott abwenden k\u00f6nnte. Wird er nicht leise an der Hintert\u00fcre klopfen, auch wenn sie das Eingangstor mit Knall geschlossen hat?<br>So stand auch die Kunst schnell wieder hinter mir und strich mir z\u00e4rtlich \u00fcber die Schulter.&nbsp;<br><br>Ich wollte unseren Pakt vor den Menschen verbergen, doch es waren die Menschen, die mich auf die Kunst ansprachen.<br><br>Es wird gesagt, dass sich Herrchen und Hund mit den Jahren \u00e4hneln. Vielleicht ist das mit der Kunst auch so. Irgendwann steht sie uns ins Gesicht geschrieben.&nbsp;<\/h5>\n\n\n\n<figure class=\"wp-block-image size-large\"><img loading=\"lazy\" decoding=\"async\" width=\"1024\" height=\"791\" src=\"http:\/\/mimi.im-aufbruch.com\/wp-content\/uploads\/2024\/05\/IMG_3302-1024x791.jpg\" alt=\"\" class=\"wp-image-525\" srcset=\"https:\/\/mimi.im-aufbruch.com\/wp-content\/uploads\/2024\/05\/IMG_3302-1024x791.jpg 1024w, https:\/\/mimi.im-aufbruch.com\/wp-content\/uploads\/2024\/05\/IMG_3302-300x232.jpg 300w, https:\/\/mimi.im-aufbruch.com\/wp-content\/uploads\/2024\/05\/IMG_3302-768x593.jpg 768w, https:\/\/mimi.im-aufbruch.com\/wp-content\/uploads\/2024\/05\/IMG_3302-1536x1186.jpg 1536w, https:\/\/mimi.im-aufbruch.com\/wp-content\/uploads\/2024\/05\/IMG_3302-2048x1581.jpg 2048w\" sizes=\"auto, (max-width: 1024px) 100vw, 1024px\" \/><\/figure>\n\n\n\n<h3 class=\"wp-block-heading\">Kunst lehrt Demut.&nbsp;<\/h3>\n\n\n\n<h5 class=\"wp-block-heading\">Nicht alles, was aus mir kommt, ist Kunst. Wahrlich nicht. Kunst sind die raren Perlen, die \u201emoments de gr\u00e2ce\u201c, die die Seele streicheln.<br>Wir k\u00f6nnen uns unserer Eitelkeit zuwenden oder unserer Entwicklung. Ein Lebensweg in der Kunst ist eine stete Auseinandersetzung mit dem eigenen Scheitern. Und in der Konsequenz mit unserer Selbstliebe.&nbsp;<\/h5>\n\n\n\n<h3 class=\"wp-block-heading\">Kunst ist radikal.&nbsp;<\/h3>\n\n\n\n<h5 class=\"wp-block-heading\">Bin ich nicht bereit, bis tief in meine menschlichen Wurzeln zu tauchen, so wird mein Werk immer nur an der Oberfl\u00e4che treiben. Es ist meine Radix, die mein Werk in seiner Bl\u00fcte definiert.\u00a0<br><br>Wir sind gemeinsam durch viele St\u00fcrme gewandelt und durch ebenso viele Ein\u00f6den. So ist das in Beziehungen, die um Lebendigkeit ringen.<br>Ich habe sie zu lieben gelernt, die Kunst.<br>Und was weit schwieriger ist, ich habe mich zu lieben gelernt innerhalb unseres Paktes.\u00a0<br><br>Sie hat mich die Liebe gelehrt. Denn auch die Liebe ist kompromisslos, integer, hingebungsvoll, dem\u00fctig und radikal.\u00a0<br><br>Und wenn ich ganz frech weiterspinne, so glaube ich, dass dies der Erfahrung \u00e4hnelt, die Nonne und M\u00f6nch machen, nur auf einer anderen Ebene.\u00a0<\/h5>\n\n\n\n<figure class=\"wp-block-image size-large\"><img loading=\"lazy\" decoding=\"async\" width=\"1024\" height=\"660\" src=\"http:\/\/mimi.im-aufbruch.com\/wp-content\/uploads\/2024\/05\/IMG_6230-scaled-e1714997111800-1024x660.jpeg\" alt=\"\" class=\"wp-image-122\" srcset=\"https:\/\/mimi.im-aufbruch.com\/wp-content\/uploads\/2024\/05\/IMG_6230-scaled-e1714997111800-1024x660.jpeg 1024w, https:\/\/mimi.im-aufbruch.com\/wp-content\/uploads\/2024\/05\/IMG_6230-scaled-e1714997111800-300x193.jpeg 300w, https:\/\/mimi.im-aufbruch.com\/wp-content\/uploads\/2024\/05\/IMG_6230-scaled-e1714997111800-768x495.jpeg 768w, https:\/\/mimi.im-aufbruch.com\/wp-content\/uploads\/2024\/05\/IMG_6230-scaled-e1714997111800-1536x991.jpeg 1536w, https:\/\/mimi.im-aufbruch.com\/wp-content\/uploads\/2024\/05\/IMG_6230-scaled-e1714997111800-2048x1321.jpeg 2048w\" sizes=\"auto, (max-width: 1024px) 100vw, 1024px\" \/><\/figure>\n\n\n\n<div style=\"height:18px\" aria-hidden=\"true\" class=\"wp-block-spacer\"><\/div>\n\n\n\n<h3 class=\"wp-block-heading\">Haltung<\/h3>\n\n\n\n<div class=\"wp-block-buttons is-layout-flex wp-block-buttons-is-layout-flex\">\n<div class=\"wp-block-button is-style-outline is-style-outline--1\"><a class=\"wp-block-button__link wp-element-button\" href=\"http:\/\/mimi.im-aufbruch.com\/index.php\/haltung\/\">weiterlesen<\/a><\/div>\n<\/div>\n","protected":false},"excerpt":{"rendered":"<p>Ich war 20, als ich beschloss, mein Leben der Kunst<span class=\"more-button\"><a href=\"https:\/\/mimi.im-aufbruch.com\/index.php\/mein-leben-mit-der-kunst\/\" class=\"more-link\">Continue reading<span class=\"screen-reader-text\">mein leben mit der kunst<\/span><\/a><\/span><\/p>\n","protected":false},"author":1,"featured_media":0,"parent":0,"menu_order":0,"comment_status":"closed","ping_status":"closed","template":"","meta":{"footnotes":""},"class_list":["post-18","page","type-page","status-publish","hentry"],"_links":{"self":[{"href":"https:\/\/mimi.im-aufbruch.com\/index.php\/wp-json\/wp\/v2\/pages\/18","targetHints":{"allow":["GET"]}}],"collection":[{"href":"https:\/\/mimi.im-aufbruch.com\/index.php\/wp-json\/wp\/v2\/pages"}],"about":[{"href":"https:\/\/mimi.im-aufbruch.com\/index.php\/wp-json\/wp\/v2\/types\/page"}],"author":[{"embeddable":true,"href":"https:\/\/mimi.im-aufbruch.com\/index.php\/wp-json\/wp\/v2\/users\/1"}],"replies":[{"embeddable":true,"href":"https:\/\/mimi.im-aufbruch.com\/index.php\/wp-json\/wp\/v2\/comments?post=18"}],"version-history":[{"count":12,"href":"https:\/\/mimi.im-aufbruch.com\/index.php\/wp-json\/wp\/v2\/pages\/18\/revisions"}],"predecessor-version":[{"id":574,"href":"https:\/\/mimi.im-aufbruch.com\/index.php\/wp-json\/wp\/v2\/pages\/18\/revisions\/574"}],"wp:attachment":[{"href":"https:\/\/mimi.im-aufbruch.com\/index.php\/wp-json\/wp\/v2\/media?parent=18"}],"curies":[{"name":"wp","href":"https:\/\/api.w.org\/{rel}","templated":true}]}}