{"id":2,"date":"2024-05-04T13:36:27","date_gmt":"2024-05-04T11:36:27","guid":{"rendered":"http:\/\/mimi.im-aufbruch.com\/?page_id=2"},"modified":"2024-07-03T13:37:31","modified_gmt":"2024-07-03T11:37:31","slug":"beispiel-seite","status":"publish","type":"page","link":"https:\/\/mimi.im-aufbruch.com\/","title":{"rendered":""},"content":{"rendered":"\n<figure class=\"wp-block-embed is-type-video is-provider-vimeo wp-block-embed-vimeo wp-embed-aspect-16-9 wp-has-aspect-ratio\"><div class=\"wp-block-embed__wrapper\">\n<iframe loading=\"lazy\" title=\"miRjana petRicevic\" src=\"https:\/\/player.vimeo.com\/video\/841901171?dnt=1&amp;app_id=122963\" width=\"1040\" height=\"585\" frameborder=\"0\" allow=\"autoplay; fullscreen; picture-in-picture; clipboard-write\"><\/iframe>\n<\/div><\/figure>\n\n\n\n<div style=\"height:70px\" aria-hidden=\"true\" class=\"wp-block-spacer\"><\/div>\n\n\n\n<h2 class=\"wp-block-heading has-text-align-center\">mein leben mit der kunst<\/h2>\n\n\n\n<p class=\"has-text-align-center\"><strong>Ich war 20, als ich beschloss, mein Leben der Kunst zu widmen. Ich hatte keine wirkliche Ahnung, was dies in der Konsequenz bedeuten w\u00fcrde, doch ich wusste in seltsamer Klarheit, dass ich mich nicht f\u00fcr einen Beruf entschied, sondern f\u00fcr eine Lebensweise.&nbsp;<\/strong><\/p>\n\n\n\n<div class=\"wp-block-buttons is-layout-flex wp-container-core-buttons-is-layout-132b0da8 wp-block-buttons-is-layout-flex\">\n<div class=\"wp-block-button is-style-outline is-style-outline--1\"><a class=\"wp-block-button__link has-text-align-center wp-element-button\" href=\"http:\/\/mimi.im-aufbruch.com\/index.php\/mein-leben-mit-der-kunst\/\">weiterlesen<\/a><\/div>\n<\/div>\n\n\n\n<div style=\"height:41px\" aria-hidden=\"true\" class=\"wp-block-spacer\"><\/div>\n\n\n\n<figure class=\"wp-block-gallery has-nested-images columns-default is-cropped wp-block-gallery-2 is-layout-flex wp-block-gallery-is-layout-flex\">\n<figure class=\"wp-block-image size-large\"><img loading=\"lazy\" decoding=\"async\" width=\"1016\" height=\"1024\" data-id=\"506\" src=\"http:\/\/mimi.im-aufbruch.com\/wp-content\/uploads\/2024\/05\/IMG_3272-1016x1024.jpg\" alt=\"\" class=\"wp-image-506\" srcset=\"https:\/\/mimi.im-aufbruch.com\/wp-content\/uploads\/2024\/05\/IMG_3272-1016x1024.jpg 1016w, https:\/\/mimi.im-aufbruch.com\/wp-content\/uploads\/2024\/05\/IMG_3272-298x300.jpg 298w, https:\/\/mimi.im-aufbruch.com\/wp-content\/uploads\/2024\/05\/IMG_3272-150x150.jpg 150w, https:\/\/mimi.im-aufbruch.com\/wp-content\/uploads\/2024\/05\/IMG_3272-768x774.jpg 768w, https:\/\/mimi.im-aufbruch.com\/wp-content\/uploads\/2024\/05\/IMG_3272-71x71.jpg 71w, https:\/\/mimi.im-aufbruch.com\/wp-content\/uploads\/2024\/05\/IMG_3272-85x85.jpg 85w, https:\/\/mimi.im-aufbruch.com\/wp-content\/uploads\/2024\/05\/IMG_3272-50x50.jpg 50w, https:\/\/mimi.im-aufbruch.com\/wp-content\/uploads\/2024\/05\/IMG_3272.jpg 1524w\" sizes=\"auto, (max-width: 1016px) 100vw, 1016px\" \/><\/figure>\n\n\n\n<figure class=\"wp-block-image size-large\"><img loading=\"lazy\" decoding=\"async\" width=\"763\" height=\"1024\" data-id=\"495\" src=\"http:\/\/mimi.im-aufbruch.com\/wp-content\/uploads\/2024\/05\/IMG_3264-763x1024.jpg\" alt=\"\" class=\"wp-image-495\" srcset=\"https:\/\/mimi.im-aufbruch.com\/wp-content\/uploads\/2024\/05\/IMG_3264-763x1024.jpg 763w, https:\/\/mimi.im-aufbruch.com\/wp-content\/uploads\/2024\/05\/IMG_3264-224x300.jpg 224w, https:\/\/mimi.im-aufbruch.com\/wp-content\/uploads\/2024\/05\/IMG_3264-768x1030.jpg 768w, https:\/\/mimi.im-aufbruch.com\/wp-content\/uploads\/2024\/05\/IMG_3264.jpg 1145w\" sizes=\"auto, (max-width: 763px) 100vw, 763px\" \/><\/figure>\n\n\n\n<figure class=\"wp-block-image size-large\"><img loading=\"lazy\" decoding=\"async\" width=\"811\" height=\"1024\" data-id=\"511\" src=\"http:\/\/mimi.im-aufbruch.com\/wp-content\/uploads\/2024\/05\/IMG_3299-811x1024.jpg\" alt=\"\" class=\"wp-image-511\" srcset=\"https:\/\/mimi.im-aufbruch.com\/wp-content\/uploads\/2024\/05\/IMG_3299-811x1024.jpg 811w, https:\/\/mimi.im-aufbruch.com\/wp-content\/uploads\/2024\/05\/IMG_3299-238x300.jpg 238w, https:\/\/mimi.im-aufbruch.com\/wp-content\/uploads\/2024\/05\/IMG_3299-768x969.jpg 768w, https:\/\/mimi.im-aufbruch.com\/wp-content\/uploads\/2024\/05\/IMG_3299.jpg 1141w\" sizes=\"auto, (max-width: 811px) 100vw, 811px\" \/><\/figure>\n<\/figure>\n\n\n\n<figure class=\"wp-block-gallery has-nested-images columns-default is-cropped wp-block-gallery-3 is-layout-flex wp-block-gallery-is-layout-flex\">\n<figure class=\"wp-block-image size-large\"><img loading=\"lazy\" decoding=\"async\" width=\"1003\" height=\"1024\" data-id=\"504\" src=\"http:\/\/mimi.im-aufbruch.com\/wp-content\/uploads\/2024\/05\/IMG_3270-1003x1024.jpg\" alt=\"\" class=\"wp-image-504\" srcset=\"https:\/\/mimi.im-aufbruch.com\/wp-content\/uploads\/2024\/05\/IMG_3270-1003x1024.jpg 1003w, https:\/\/mimi.im-aufbruch.com\/wp-content\/uploads\/2024\/05\/IMG_3270-294x300.jpg 294w, https:\/\/mimi.im-aufbruch.com\/wp-content\/uploads\/2024\/05\/IMG_3270-768x784.jpg 768w, https:\/\/mimi.im-aufbruch.com\/wp-content\/uploads\/2024\/05\/IMG_3270-71x71.jpg 71w, https:\/\/mimi.im-aufbruch.com\/wp-content\/uploads\/2024\/05\/IMG_3270-50x50.jpg 50w, https:\/\/mimi.im-aufbruch.com\/wp-content\/uploads\/2024\/05\/IMG_3270.jpg 1505w\" sizes=\"auto, (max-width: 1003px) 100vw, 1003px\" \/><\/figure>\n\n\n\n<figure class=\"wp-block-image size-large\"><img loading=\"lazy\" decoding=\"async\" width=\"1015\" height=\"1024\" data-id=\"502\" src=\"http:\/\/mimi.im-aufbruch.com\/wp-content\/uploads\/2024\/05\/IMG_3268-1015x1024.jpg\" alt=\"\" class=\"wp-image-502\" srcset=\"https:\/\/mimi.im-aufbruch.com\/wp-content\/uploads\/2024\/05\/IMG_3268-1015x1024.jpg 1015w, https:\/\/mimi.im-aufbruch.com\/wp-content\/uploads\/2024\/05\/IMG_3268-297x300.jpg 297w, https:\/\/mimi.im-aufbruch.com\/wp-content\/uploads\/2024\/05\/IMG_3268-150x150.jpg 150w, https:\/\/mimi.im-aufbruch.com\/wp-content\/uploads\/2024\/05\/IMG_3268-768x775.jpg 768w, https:\/\/mimi.im-aufbruch.com\/wp-content\/uploads\/2024\/05\/IMG_3268-71x71.jpg 71w, https:\/\/mimi.im-aufbruch.com\/wp-content\/uploads\/2024\/05\/IMG_3268-85x85.jpg 85w, https:\/\/mimi.im-aufbruch.com\/wp-content\/uploads\/2024\/05\/IMG_3268-50x50.jpg 50w, https:\/\/mimi.im-aufbruch.com\/wp-content\/uploads\/2024\/05\/IMG_3268.jpg 1522w\" sizes=\"auto, (max-width: 1015px) 100vw, 1015px\" \/><\/figure>\n<\/figure>\n\n\n\n<figure class=\"wp-block-gallery has-nested-images columns-default is-cropped wp-block-gallery-4 is-layout-flex wp-block-gallery-is-layout-flex\">\n<figure class=\"wp-block-image size-large\"><img loading=\"lazy\" decoding=\"async\" width=\"763\" height=\"1024\" data-id=\"509\" src=\"http:\/\/mimi.im-aufbruch.com\/wp-content\/uploads\/2024\/05\/IMG_3266-763x1024.jpg\" alt=\"\" class=\"wp-image-509\" srcset=\"https:\/\/mimi.im-aufbruch.com\/wp-content\/uploads\/2024\/05\/IMG_3266-763x1024.jpg 763w, https:\/\/mimi.im-aufbruch.com\/wp-content\/uploads\/2024\/05\/IMG_3266-224x300.jpg 224w, https:\/\/mimi.im-aufbruch.com\/wp-content\/uploads\/2024\/05\/IMG_3266-768x1030.jpg 768w, https:\/\/mimi.im-aufbruch.com\/wp-content\/uploads\/2024\/05\/IMG_3266.jpg 1145w\" sizes=\"auto, (max-width: 763px) 100vw, 763px\" \/><\/figure>\n\n\n\n<figure class=\"wp-block-image size-large\"><img loading=\"lazy\" decoding=\"async\" width=\"757\" height=\"1024\" data-id=\"513\" src=\"http:\/\/mimi.im-aufbruch.com\/wp-content\/uploads\/2024\/05\/IMG_3298-757x1024.jpg\" alt=\"\" class=\"wp-image-513\" srcset=\"https:\/\/mimi.im-aufbruch.com\/wp-content\/uploads\/2024\/05\/IMG_3298-757x1024.jpg 757w, https:\/\/mimi.im-aufbruch.com\/wp-content\/uploads\/2024\/05\/IMG_3298-222x300.jpg 222w, https:\/\/mimi.im-aufbruch.com\/wp-content\/uploads\/2024\/05\/IMG_3298-768x1038.jpg 768w, https:\/\/mimi.im-aufbruch.com\/wp-content\/uploads\/2024\/05\/IMG_3298.jpg 1136w\" sizes=\"auto, (max-width: 757px) 100vw, 757px\" \/><\/figure>\n\n\n\n<figure class=\"wp-block-image size-large\"><img loading=\"lazy\" decoding=\"async\" width=\"1011\" height=\"1024\" data-id=\"499\" src=\"http:\/\/mimi.im-aufbruch.com\/wp-content\/uploads\/2024\/05\/IMG_3267-1011x1024.jpg\" alt=\"\" class=\"wp-image-499\" srcset=\"https:\/\/mimi.im-aufbruch.com\/wp-content\/uploads\/2024\/05\/IMG_3267-1011x1024.jpg 1011w, https:\/\/mimi.im-aufbruch.com\/wp-content\/uploads\/2024\/05\/IMG_3267-296x300.jpg 296w, https:\/\/mimi.im-aufbruch.com\/wp-content\/uploads\/2024\/05\/IMG_3267-768x778.jpg 768w, https:\/\/mimi.im-aufbruch.com\/wp-content\/uploads\/2024\/05\/IMG_3267-71x71.jpg 71w, https:\/\/mimi.im-aufbruch.com\/wp-content\/uploads\/2024\/05\/IMG_3267-85x85.jpg 85w, https:\/\/mimi.im-aufbruch.com\/wp-content\/uploads\/2024\/05\/IMG_3267-50x50.jpg 50w, https:\/\/mimi.im-aufbruch.com\/wp-content\/uploads\/2024\/05\/IMG_3267.jpg 1517w\" sizes=\"auto, (max-width: 1011px) 100vw, 1011px\" \/><\/figure>\n<\/figure>\n\n\n\n<div style=\"height:40px\" aria-hidden=\"true\" class=\"wp-block-spacer\"><\/div>\n\n\n\n<div style=\"height:41px\" aria-hidden=\"true\" class=\"wp-block-spacer\"><\/div>\n\n\n\n<div class=\"wp-block-columns is-layout-flex wp-container-core-columns-is-layout-9d6595d7 wp-block-columns-is-layout-flex\">\n<div class=\"wp-block-column is-layout-flow wp-block-column-is-layout-flow\" style=\"flex-basis:100%\">\n<h2 class=\"wp-block-heading\">angebote<\/h2>\n\n\n\n<h5 class=\"wp-block-heading\">Seit 2020 arbeite ich haupts\u00e4chlich online. <br>Meine Kurse richten sich an Frauen und gehen \u00fcber mehrere Monate. Um bei den Wilden Weibern einzusteigen braucht es keinerlei Vorkenntnisse im k\u00fcnstlerischen Bereich. <br><br>Auf der menschlichen Ebene ist jedoch Bereitschaft notwendig, den eigenen Horizont erweitern und sich in einer tragenden Gemeinschaft von Frauen zeigen zu wollen.<br><br>Im Anschluss ist es m\u00f6glich, tiefer zu graben und mit einem Projekt bei den Wilden Weisen weiterzumachen. <br>Die Walz ist dann f\u00fcr die ganz Hartn\u00e4ckigen. Dank dieser Frauen gibt es all meine Kurse \u00fcberhaupt.<br><br>Details stehen auf der jeweiligen Seite.<br>Entweder auf den entsprechenden Button klicken oder \u00fcbers Men\u00fc oben auf der Seite navigieren.<br><\/h5>\n\n\n\n<div class=\"wp-block-columns is-layout-flex wp-container-core-columns-is-layout-9d6595d7 wp-block-columns-is-layout-flex\">\n<div class=\"wp-block-column is-layout-flow wp-block-column-is-layout-flow\">\n<div class=\"wp-block-cover wp-duotone-purple-yellow\"><span aria-hidden=\"true\" class=\"wp-block-cover__background has-background-dim\"><\/span><img loading=\"lazy\" decoding=\"async\" width=\"1024\" height=\"1024\" class=\"wp-block-cover__image-background wp-image-76\" alt=\"\" src=\"http:\/\/mimi.im-aufbruch.com\/wp-content\/uploads\/2024\/05\/IMG_0889-1024x1024.jpeg\" data-object-fit=\"cover\" srcset=\"https:\/\/mimi.im-aufbruch.com\/wp-content\/uploads\/2024\/05\/IMG_0889-1024x1024.jpeg 1024w, https:\/\/mimi.im-aufbruch.com\/wp-content\/uploads\/2024\/05\/IMG_0889-300x300.jpeg 300w, https:\/\/mimi.im-aufbruch.com\/wp-content\/uploads\/2024\/05\/IMG_0889-150x150.jpeg 150w, https:\/\/mimi.im-aufbruch.com\/wp-content\/uploads\/2024\/05\/IMG_0889-768x768.jpeg 768w, https:\/\/mimi.im-aufbruch.com\/wp-content\/uploads\/2024\/05\/IMG_0889-1536x1536.jpeg 1536w, https:\/\/mimi.im-aufbruch.com\/wp-content\/uploads\/2024\/05\/IMG_0889-2048x2048.jpeg 2048w, https:\/\/mimi.im-aufbruch.com\/wp-content\/uploads\/2024\/05\/IMG_0889-640x640.jpeg 640w, https:\/\/mimi.im-aufbruch.com\/wp-content\/uploads\/2024\/05\/IMG_0889-950x950.jpeg 950w, https:\/\/mimi.im-aufbruch.com\/wp-content\/uploads\/2024\/05\/IMG_0889-71x71.jpeg 71w, https:\/\/mimi.im-aufbruch.com\/wp-content\/uploads\/2024\/05\/IMG_0889-236x236.jpeg 236w, https:\/\/mimi.im-aufbruch.com\/wp-content\/uploads\/2024\/05\/IMG_0889-85x85.jpeg 85w, https:\/\/mimi.im-aufbruch.com\/wp-content\/uploads\/2024\/05\/IMG_0889-50x50.jpeg 50w\" sizes=\"auto, (max-width: 1024px) 100vw, 1024px\" \/><div class=\"wp-block-cover__inner-container is-layout-flow wp-block-cover-is-layout-flow\">\n<p class=\"has-text-align-center has-large-font-size\">1<br>Wilde Weiber!<br><br><\/p>\n\n\n\n<div class=\"wp-block-buttons is-content-justification-center is-layout-flex wp-container-core-buttons-is-layout-16018d1d wp-block-buttons-is-layout-flex\">\n<div class=\"wp-block-button is-style-fill\"><a class=\"wp-block-button__link has-text-align-center wp-element-button\" href=\"http:\/\/mimi.im-aufbruch.com\/index.php\/wilde-weiber\/\">zu den weibern<\/a><\/div>\n<\/div>\n<\/div><\/div>\n\n\n\n<h5 class=\"wp-block-heading\">Innenarbeit und k\u00fcnstlerische Gestaltung.<\/h5>\n\n\n\n<h5 class=\"wp-block-heading\"><br><\/h5>\n<\/div>\n\n\n\n<div class=\"wp-block-column is-layout-flow wp-block-column-is-layout-flow\">\n<div class=\"wp-block-cover wp-duotone-blue-orange\" style=\"min-height:435px;aspect-ratio:unset;\"><span aria-hidden=\"true\" class=\"wp-block-cover__background has-background-dim\"><\/span><img loading=\"lazy\" decoding=\"async\" width=\"1024\" height=\"1024\" class=\"wp-block-cover__image-background wp-image-77\" alt=\"\" src=\"http:\/\/mimi.im-aufbruch.com\/wp-content\/uploads\/2024\/05\/IMG_1468-1024x1024.jpg\" data-object-fit=\"cover\" srcset=\"https:\/\/mimi.im-aufbruch.com\/wp-content\/uploads\/2024\/05\/IMG_1468-1024x1024.jpg 1024w, https:\/\/mimi.im-aufbruch.com\/wp-content\/uploads\/2024\/05\/IMG_1468-300x300.jpg 300w, https:\/\/mimi.im-aufbruch.com\/wp-content\/uploads\/2024\/05\/IMG_1468-150x150.jpg 150w, https:\/\/mimi.im-aufbruch.com\/wp-content\/uploads\/2024\/05\/IMG_1468-768x768.jpg 768w, https:\/\/mimi.im-aufbruch.com\/wp-content\/uploads\/2024\/05\/IMG_1468-1536x1536.jpg 1536w, https:\/\/mimi.im-aufbruch.com\/wp-content\/uploads\/2024\/05\/IMG_1468-2048x2048.jpg 2048w, https:\/\/mimi.im-aufbruch.com\/wp-content\/uploads\/2024\/05\/IMG_1468-640x640.jpg 640w, https:\/\/mimi.im-aufbruch.com\/wp-content\/uploads\/2024\/05\/IMG_1468-950x950.jpg 950w, https:\/\/mimi.im-aufbruch.com\/wp-content\/uploads\/2024\/05\/IMG_1468-71x71.jpg 71w, https:\/\/mimi.im-aufbruch.com\/wp-content\/uploads\/2024\/05\/IMG_1468-236x236.jpg 236w, https:\/\/mimi.im-aufbruch.com\/wp-content\/uploads\/2024\/05\/IMG_1468-85x85.jpg 85w, https:\/\/mimi.im-aufbruch.com\/wp-content\/uploads\/2024\/05\/IMG_1468-50x50.jpg 50w\" sizes=\"auto, (max-width: 1024px) 100vw, 1024px\" \/><div class=\"wp-block-cover__inner-container is-layout-flow wp-block-cover-is-layout-flow\">\n<p class=\"has-text-align-center has-large-font-size\">2<br>Die wilden Weisen<br><\/p>\n\n\n\n<div class=\"wp-block-buttons is-content-justification-center is-layout-flex wp-container-core-buttons-is-layout-16018d1d wp-block-buttons-is-layout-flex\">\n<div class=\"wp-block-button\"><a class=\"wp-block-button__link has-text-align-center wp-element-button\" href=\"http:\/\/mimi.im-aufbruch.com\/index.php\/die-wilden-weisen\/\">zu den weisen<\/a><\/div>\n<\/div>\n<\/div><\/div>\n\n\n\n<h5 class=\"wp-block-heading\">Projektarbeit im Vollmondrhythmus.<\/h5>\n<\/div>\n\n\n\n<div class=\"wp-block-column is-layout-flow wp-block-column-is-layout-flow\">\n<div class=\"wp-block-cover wp-duotone-purple-yellow\"><span aria-hidden=\"true\" class=\"wp-block-cover__background has-background-dim\"><\/span><img loading=\"lazy\" decoding=\"async\" width=\"1024\" height=\"1024\" class=\"wp-block-cover__image-background wp-image-79\" alt=\"\" src=\"http:\/\/mimi.im-aufbruch.com\/wp-content\/uploads\/2024\/05\/IMG_3188-1024x1024.jpg\" data-object-fit=\"cover\" srcset=\"https:\/\/mimi.im-aufbruch.com\/wp-content\/uploads\/2024\/05\/IMG_3188-1024x1024.jpg 1024w, https:\/\/mimi.im-aufbruch.com\/wp-content\/uploads\/2024\/05\/IMG_3188-300x300.jpg 300w, https:\/\/mimi.im-aufbruch.com\/wp-content\/uploads\/2024\/05\/IMG_3188-150x150.jpg 150w, https:\/\/mimi.im-aufbruch.com\/wp-content\/uploads\/2024\/05\/IMG_3188-768x768.jpg 768w, https:\/\/mimi.im-aufbruch.com\/wp-content\/uploads\/2024\/05\/IMG_3188-640x640.jpg 640w, https:\/\/mimi.im-aufbruch.com\/wp-content\/uploads\/2024\/05\/IMG_3188-950x950.jpg 950w, https:\/\/mimi.im-aufbruch.com\/wp-content\/uploads\/2024\/05\/IMG_3188-71x71.jpg 71w, https:\/\/mimi.im-aufbruch.com\/wp-content\/uploads\/2024\/05\/IMG_3188-236x236.jpg 236w, https:\/\/mimi.im-aufbruch.com\/wp-content\/uploads\/2024\/05\/IMG_3188-85x85.jpg 85w, https:\/\/mimi.im-aufbruch.com\/wp-content\/uploads\/2024\/05\/IMG_3188-50x50.jpg 50w, https:\/\/mimi.im-aufbruch.com\/wp-content\/uploads\/2024\/05\/IMG_3188.jpg 1537w\" sizes=\"auto, (max-width: 1024px) 100vw, 1024px\" \/><div class=\"wp-block-cover__inner-container is-layout-flow wp-block-cover-is-layout-flow\">\n<p class=\"has-text-align-center has-large-font-size\">3<br>Walz!<br><br><br><\/p>\n\n\n\n<div class=\"wp-block-buttons is-content-justification-center is-layout-flex wp-container-core-buttons-is-layout-16018d1d wp-block-buttons-is-layout-flex\">\n<div class=\"wp-block-button\"><a class=\"wp-block-button__link has-text-align-center wp-element-button\" href=\"http:\/\/mimi.im-aufbruch.com\/index.php\/walz\/\">zur Walz<\/a><\/div>\n<\/div>\n<\/div><\/div>\n\n\n\n<h5 class=\"wp-block-heading\">Auf den Pfaden der griechischen G\u00f6ttinnen. <\/h5>\n<\/div>\n<\/div>\n<\/div>\n<\/div>\n\n\n\n<div class=\"wp-block-media-text is-stacked-on-mobile\"><figure class=\"wp-block-media-text__media\"><img loading=\"lazy\" decoding=\"async\" width=\"908\" height=\"1024\" src=\"http:\/\/mimi.im-aufbruch.com\/wp-content\/uploads\/2024\/05\/IMG_3136-908x1024.jpg\" alt=\"\" class=\"wp-image-69 size-full\" srcset=\"https:\/\/mimi.im-aufbruch.com\/wp-content\/uploads\/2024\/05\/IMG_3136-908x1024.jpg 908w, https:\/\/mimi.im-aufbruch.com\/wp-content\/uploads\/2024\/05\/IMG_3136-266x300.jpg 266w, https:\/\/mimi.im-aufbruch.com\/wp-content\/uploads\/2024\/05\/IMG_3136-768x866.jpg 768w, https:\/\/mimi.im-aufbruch.com\/wp-content\/uploads\/2024\/05\/IMG_3136.jpg 1362w\" sizes=\"auto, (max-width: 908px) 100vw, 908px\" \/><\/figure><div class=\"wp-block-media-text__content\">\n<h2 class=\"wp-block-heading\">\u00fcber mich<\/h2>\n\n\n\n<p><strong>Wer bin ich&#8230;?<\/strong><\/p>\n\n\n\n<p><strong>Es ist jedesmal ein Albtraum f\u00fcr mich, wenn es darum geht, diese Frage zu beantworten.<br>Viele Menschen defi<\/strong><strong>nieren sich an dieser Stelle \u00fcber ihren Besitz. \u00dcber ihren Lebenslauf. Oder noch b\u00fcrokratischer, \u00fcber ihre Diplome.<\/strong><\/p>\n\n\n\n<div class=\"wp-block-buttons is-layout-flex wp-block-buttons-is-layout-flex\">\n<div class=\"wp-block-button is-style-outline is-style-outline--5\"><a class=\"wp-block-button__link wp-element-button\" href=\"http:\/\/mimi.im-aufbruch.com\/index.php\/ueber-mich\/\">weiterlesen<\/a><\/div>\n<\/div>\n<\/div><\/div>\n\n\n\n<div style=\"height:22px\" aria-hidden=\"true\" class=\"wp-block-spacer\"><\/div>\n\n\n\n<h2 class=\"wp-block-heading\">haltung<\/h2>\n\n\n\n<h5 class=\"wp-block-heading\">Oder:<br>Wie meine Arbeit mein Leben beeinflusst.<br>Und umgekehrt.<br><br>2017 habe ich mich selbstst\u00e4ndig gemacht und fing an, Kurse im deutschsprachigen Raum zu geben. Es war eine ganz egoistische und pragmatische Entscheidung. Ich lebte seit inzwischen 20 Jahren in Frankreich und mir fehlte die deutsche Sprache, die ich sehr liebe. <br><br>In Frankreich hatte ich bereits viele Jahre mit Gruppen gearbeitet, zum einen mit schwangeren Frauen zur Geburtsvorbereitung, zum anderen im Theaterbereich als Lehrer. Doch ich hatte Sehnsucht danach, wieder deutsch zu sprechen. Ich \u00fcberlegte, wie ich mit meinen Erfahrungen eine Br\u00fccke zur\u00fcck in den deutschsprachigen Raum schlagen konnte. <br><br>Das war jedoch keine einfache Entscheidung f\u00fcr mich. Ich trage von jeher zwei gegens\u00e4tzliche Str\u00f6mungen in mir.<\/h5>\n\n\n\n<div class=\"wp-block-buttons is-layout-flex wp-block-buttons-is-layout-flex\">\n<div class=\"wp-block-button is-style-outline is-style-outline--6\"><a class=\"wp-block-button__link wp-element-button\" href=\"http:\/\/mimi.im-aufbruch.com\/index.php\/haltung\/\">weiterlesen<\/a><\/div>\n<\/div>\n\n\n\n<div style=\"height:100px\" aria-hidden=\"true\" class=\"wp-block-spacer\"><\/div>\n\n\n\n<hr class=\"wp-block-separator has-alpha-channel-opacity\"\/>\n\n\n\n<h2 class=\"wp-block-heading\">Zu meinem Newsletter:<\/h2>\n\n\n<script>(function() {\n\twindow.mc4wp = window.mc4wp || {\n\t\tlisteners: [],\n\t\tforms: {\n\t\t\ton: function(evt, cb) {\n\t\t\t\twindow.mc4wp.listeners.push(\n\t\t\t\t\t{\n\t\t\t\t\t\tevent   : evt,\n\t\t\t\t\t\tcallback: cb\n\t\t\t\t\t}\n\t\t\t\t);\n\t\t\t}\n\t\t}\n\t}\n})();\n<\/script><!-- Mailchimp for WordPress v4.9.13 - https:\/\/wordpress.org\/plugins\/mailchimp-for-wp\/ --><form id=\"mc4wp-form-1\" class=\"mc4wp-form mc4wp-form-685\" method=\"post\" data-id=\"685\" data-name=\"Newsletter\" ><div class=\"mc4wp-form-fields\"><p>\r\n    <label>Nachname<\/label>\r\n    <input type=\"text\" name=\"LNAME\" required=\"\">\r\n<\/p>\r\n<p>\r\n    <label>Vorname<\/label>\r\n    <input type=\"text\" name=\"FNAME\" required=\"\">\r\n<\/p>\r\n<p>\r\n\t<label>E-Mail-Adresse: \r\n\t\t<input type=\"email\" name=\"EMAIL\" placeholder=\"Deine E-Mail Adresse\" required \/>\r\n<\/label>\r\n<\/p>\r\n\r\n<p>\r\n\t<input type=\"submit\" value=\"Registrieren\" \/>\r\n<\/p><\/div><label style=\"display: none !important;\">Wenn du ein Mensch bist, lasse das Feld leer: <input type=\"text\" name=\"_mc4wp_honeypot\" value=\"\" tabindex=\"-1\" autocomplete=\"off\" \/><\/label><input type=\"hidden\" name=\"_mc4wp_timestamp\" value=\"1776148120\" \/><input type=\"hidden\" name=\"_mc4wp_form_id\" value=\"685\" \/><input type=\"hidden\" name=\"_mc4wp_form_element_id\" value=\"mc4wp-form-1\" \/><div class=\"mc4wp-response\"><\/div><\/form><!-- \/ Mailchimp for WordPress Plugin -->","protected":false},"excerpt":{"rendered":"<p><strong>Ich war 20, als ich beschloss, mein Leben der Kunst zu widmen. Ich hatte keine wirkliche Ahnung, was dies in der Konsequenz bedeuten w\u00fcrde, doch ich wusste in seltsamer Klarheit, dass ich mich nicht f\u00fcr einen Beruf entschied, sondern f\u00fcr eine Lebensweise.\u00a0<\/strong> &hellip; <span class=\"more-button\"><a href=\"https:\/\/mimi.im-aufbruch.com\/\" class=\"more-link\">Continue reading<span class=\"screen-reader-text\"><\/span><\/a><\/span><\/p>\n","protected":false},"author":1,"featured_media":0,"parent":0,"menu_order":0,"comment_status":"closed","ping_status":"open","template":"","meta":{"footnotes":""},"class_list":["post-2","page","type-page","status-publish","hentry"],"_links":{"self":[{"href":"https:\/\/mimi.im-aufbruch.com\/index.php\/wp-json\/wp\/v2\/pages\/2","targetHints":{"allow":["GET"]}}],"collection":[{"href":"https:\/\/mimi.im-aufbruch.com\/index.php\/wp-json\/wp\/v2\/pages"}],"about":[{"href":"https:\/\/mimi.im-aufbruch.com\/index.php\/wp-json\/wp\/v2\/types\/page"}],"author":[{"embeddable":true,"href":"https:\/\/mimi.im-aufbruch.com\/index.php\/wp-json\/wp\/v2\/users\/1"}],"replies":[{"embeddable":true,"href":"https:\/\/mimi.im-aufbruch.com\/index.php\/wp-json\/wp\/v2\/comments?post=2"}],"version-history":[{"count":63,"href":"https:\/\/mimi.im-aufbruch.com\/index.php\/wp-json\/wp\/v2\/pages\/2\/revisions"}],"predecessor-version":[{"id":689,"href":"https:\/\/mimi.im-aufbruch.com\/index.php\/wp-json\/wp\/v2\/pages\/2\/revisions\/689"}],"wp:attachment":[{"href":"https:\/\/mimi.im-aufbruch.com\/index.php\/wp-json\/wp\/v2\/media?parent=2"}],"curies":[{"name":"wp","href":"https:\/\/api.w.org\/{rel}","templated":true}]}}