{"id":24,"date":"2024-05-04T14:08:26","date_gmt":"2024-05-04T12:08:26","guid":{"rendered":"http:\/\/mimi.im-aufbruch.com\/?page_id=24"},"modified":"2025-11-26T18:07:28","modified_gmt":"2025-11-26T17:07:28","slug":"walz","status":"publish","type":"page","link":"https:\/\/mimi.im-aufbruch.com\/index.php\/walz\/","title":{"rendered":"Walz!"},"content":{"rendered":"\n<figure class=\"wp-block-image size-full\"><img loading=\"lazy\" decoding=\"async\" width=\"959\" height=\"540\" src=\"http:\/\/mimi.im-aufbruch.com\/wp-content\/uploads\/2024\/06\/IMG_7512.jpg\" alt=\"\" class=\"wp-image-663\" srcset=\"https:\/\/mimi.im-aufbruch.com\/wp-content\/uploads\/2024\/06\/IMG_7512.jpg 959w, https:\/\/mimi.im-aufbruch.com\/wp-content\/uploads\/2024\/06\/IMG_7512-300x169.jpg 300w, https:\/\/mimi.im-aufbruch.com\/wp-content\/uploads\/2024\/06\/IMG_7512-768x432.jpg 768w, https:\/\/mimi.im-aufbruch.com\/wp-content\/uploads\/2024\/06\/IMG_7512-940x528.jpg 940w\" sizes=\"auto, (max-width: 959px) 100vw, 959px\" \/><\/figure>\n\n\n\n<h5 class=\"wp-block-heading\">Die Walz ist der Aufbaukurs der Wilden Weisen. Es k\u00f6nnen sich also nur solche Frauen anmelden, die bereits die Wilden Weisen und somit auch die Wilden Weiber durchlaufen haben. <\/h5>\n\n\n\n<h3 class=\"wp-block-heading\">Struktur<\/h3>\n\n\n\n<h5 class=\"wp-block-heading\">Dieser Kurs geht \u00fcber 9 Monate und beinhaltet neben der Online-Arbeit auch eine Woche Fleischlebenarbeit bei uns hier in Kroatien. <br>Inhaltlich geht es um die Pfade verschiedener G\u00f6ttinnen aus der griechischen Mythologie. Wir durchleuchten diese G\u00f6ttinnen als Archetypen mit feministischem Blickwinkel. <br>Wir wandern auf den Pfaden von:<\/h5>\n\n\n\n<ul class=\"wp-block-list\">\n<li><strong>Aphrodite &#8211; G\u00f6ttin der Liebe und Leidenschaft<\/strong><\/li>\n\n\n\n<li><strong>Demeter &#8211; G\u00f6ttin der Ernte und der Fruchtbarkeit<\/strong><\/li>\n\n\n\n<li><strong>Persephone &#8211; K\u00f6nigin der Unterwelt<\/strong><\/li>\n\n\n\n<li><strong>Hekate &#8211; G\u00f6ttin der Weggabelungen und der Intuition<\/strong><\/li>\n\n\n\n<li><strong>Hestia &#8211; G\u00f6ttin des Feuers und des Herdes<\/strong><\/li>\n\n\n\n<li><strong>Hera &#8211; G\u00f6ttin der Ehe<\/strong><\/li>\n\n\n\n<li><strong>Athene &#8211; G\u00f6ttin der Weisheit und der Strategie<\/strong><\/li>\n\n\n\n<li><strong>Artemis &#8211; G\u00f6ttin der Jagd und des Mondes<\/strong><\/li>\n\n\n\n<li><strong>Medusa &#8211; die Sterbliche in der Reihe, starkes Symbol der Frauenbewegung<\/strong><\/li>\n<\/ul>\n\n\n\n<figure class=\"wp-block-image size-large\"><img loading=\"lazy\" decoding=\"async\" width=\"1024\" height=\"577\" src=\"http:\/\/mimi.im-aufbruch.com\/wp-content\/uploads\/2024\/06\/IMG_7461-1024x577.jpg\" alt=\"\" class=\"wp-image-664\" srcset=\"https:\/\/mimi.im-aufbruch.com\/wp-content\/uploads\/2024\/06\/IMG_7461-1024x577.jpg 1024w, https:\/\/mimi.im-aufbruch.com\/wp-content\/uploads\/2024\/06\/IMG_7461-300x169.jpg 300w, https:\/\/mimi.im-aufbruch.com\/wp-content\/uploads\/2024\/06\/IMG_7461-768x432.jpg 768w, https:\/\/mimi.im-aufbruch.com\/wp-content\/uploads\/2024\/06\/IMG_7461-1536x865.jpg 1536w, https:\/\/mimi.im-aufbruch.com\/wp-content\/uploads\/2024\/06\/IMG_7461.jpg 2048w\" sizes=\"auto, (max-width: 1024px) 100vw, 1024px\" \/><\/figure>\n\n\n\n<h5 class=\"wp-block-heading\">Die Frauen nutzen in diesem Kurs alle bisher erkundeten Werkmittel, um die G\u00f6ttinnen zu erforschen und zu durchleuchten. Jede Frau tr\u00e4gt diese Archetypen mehr oder weniger stark in sich und es lohnt, sich mit Themen des kollektiven Unbewussten auseinanderzusetzen, da jede von uns Teil dieses kollektiven Unbewussten ist. Es wirkt also in uns, ob wir es wollen oder nicht. Die Bewusstmachung erlaubt uns, wie immer, in die Wahlfreiheit zu gehen und diese archetypischen Str\u00f6mungen zu nutzen anstatt ihnen ausgeliefert zu sein. <br><br>Parallel dazu arbeiten wir auch an verschiedenen Ateliers, also gemeinsamen Werkthemen. <br>Diese sind:<\/h5>\n\n\n\n<ul class=\"wp-block-list\">\n<li><strong>Schale<\/strong><\/li>\n\n\n\n<li><strong>R\u00e4ucherwerk<\/strong><\/li>\n\n\n\n<li><strong>Rassel<\/strong><\/li>\n\n\n\n<li><strong>Amulett<\/strong><\/li>\n\n\n\n<li><strong>Taschenaltar<\/strong><\/li>\n\n\n\n<li><strong>Talisman<\/strong><\/li>\n\n\n\n<li><strong>Traumf\u00e4nger<\/strong><\/li>\n\n\n\n<li><strong>Schrein<\/strong><\/li>\n\n\n\n<li><strong>Abschlusswerk<\/strong><\/li>\n<\/ul>\n\n\n\n<figure class=\"wp-block-gallery has-nested-images columns-default is-cropped wp-block-gallery-1 is-layout-flex wp-block-gallery-is-layout-flex\">\n<figure class=\"wp-block-image size-large\"><img loading=\"lazy\" decoding=\"async\" width=\"577\" height=\"1024\" data-id=\"644\" src=\"http:\/\/mimi.im-aufbruch.com\/wp-content\/uploads\/2024\/06\/IMG_7492-577x1024.jpg\" alt=\"\" class=\"wp-image-644\" srcset=\"https:\/\/mimi.im-aufbruch.com\/wp-content\/uploads\/2024\/06\/IMG_7492-577x1024.jpg 577w, https:\/\/mimi.im-aufbruch.com\/wp-content\/uploads\/2024\/06\/IMG_7492-169x300.jpg 169w, https:\/\/mimi.im-aufbruch.com\/wp-content\/uploads\/2024\/06\/IMG_7492-768x1364.jpg 768w, https:\/\/mimi.im-aufbruch.com\/wp-content\/uploads\/2024\/06\/IMG_7492-865x1536.jpg 865w, https:\/\/mimi.im-aufbruch.com\/wp-content\/uploads\/2024\/06\/IMG_7492.jpg 1153w\" sizes=\"auto, (max-width: 577px) 100vw, 577px\" \/><\/figure>\n\n\n\n<figure class=\"wp-block-image size-large\"><img loading=\"lazy\" decoding=\"async\" width=\"577\" height=\"1024\" data-id=\"646\" src=\"http:\/\/mimi.im-aufbruch.com\/wp-content\/uploads\/2024\/06\/IMG_7495-577x1024.jpg\" alt=\"\" class=\"wp-image-646\" srcset=\"https:\/\/mimi.im-aufbruch.com\/wp-content\/uploads\/2024\/06\/IMG_7495-577x1024.jpg 577w, https:\/\/mimi.im-aufbruch.com\/wp-content\/uploads\/2024\/06\/IMG_7495-169x300.jpg 169w, https:\/\/mimi.im-aufbruch.com\/wp-content\/uploads\/2024\/06\/IMG_7495-768x1364.jpg 768w, https:\/\/mimi.im-aufbruch.com\/wp-content\/uploads\/2024\/06\/IMG_7495-865x1536.jpg 865w, https:\/\/mimi.im-aufbruch.com\/wp-content\/uploads\/2024\/06\/IMG_7495.jpg 1153w\" sizes=\"auto, (max-width: 577px) 100vw, 577px\" \/><\/figure>\n\n\n\n<figure class=\"wp-block-image size-large\"><img loading=\"lazy\" decoding=\"async\" width=\"1024\" height=\"577\" data-id=\"645\" src=\"http:\/\/mimi.im-aufbruch.com\/wp-content\/uploads\/2024\/06\/IMG_7493-1024x577.jpg\" alt=\"\" class=\"wp-image-645\" srcset=\"https:\/\/mimi.im-aufbruch.com\/wp-content\/uploads\/2024\/06\/IMG_7493-1024x577.jpg 1024w, https:\/\/mimi.im-aufbruch.com\/wp-content\/uploads\/2024\/06\/IMG_7493-300x169.jpg 300w, https:\/\/mimi.im-aufbruch.com\/wp-content\/uploads\/2024\/06\/IMG_7493-768x432.jpg 768w, https:\/\/mimi.im-aufbruch.com\/wp-content\/uploads\/2024\/06\/IMG_7493-1536x865.jpg 1536w, https:\/\/mimi.im-aufbruch.com\/wp-content\/uploads\/2024\/06\/IMG_7493.jpg 2048w\" sizes=\"auto, (max-width: 1024px) 100vw, 1024px\" \/><\/figure>\n<\/figure>\n\n\n\n<h5 class=\"wp-block-heading\">In diesen 9 Monaten finden monatliche Zoomrunden mit Einzelarbeit statt. Es ist dasselbe System wie bei den Wilden Weisen. Jede Frau hat also insgesamt 9 Einzelsequenzen innerhalb der Gruppe. <br>Zudem treffen wir uns gelegentlich zu Werk- oder Themenzooms, je nach Lust und Bedarf. <br>Alle Zoom werden in dieser Gruppe zum Nachsichten aufgezeichnet, damit keine der Frauen den Faden verliert. <br><br>Nach gemeinsamer Terminabsprache findet eine Pr\u00e4senzwoche hier in Frankreich statt. <br>Somit ist der gemeinsame Boden bereits gereift, um sich zu treffen und wir k\u00f6nnen die Fleischlebenwoche noch online im Kollektiv nacharbeiten.<\/h5>\n\n\n\n<h4 class=\"wp-block-heading has-gray-background-color has-background\">Walz Runde 3 startet am Vollmond des 1. Februar 2026.<br><br>Die Fleischlebenwoche findet vom Samstag 8. August bis Sa 15. August 2026 bei uns in Frankreich statt. <br><br>Die Walz endet am Vollmond des 26. Oktober 2026.<\/h4>\n\n\n\n<figure class=\"wp-block-image size-full\"><img loading=\"lazy\" decoding=\"async\" width=\"934\" height=\"540\" src=\"http:\/\/mimi.im-aufbruch.com\/wp-content\/uploads\/2024\/06\/IMG_7474-3.jpg\" alt=\"\" class=\"wp-image-643\" srcset=\"https:\/\/mimi.im-aufbruch.com\/wp-content\/uploads\/2024\/06\/IMG_7474-3.jpg 934w, https:\/\/mimi.im-aufbruch.com\/wp-content\/uploads\/2024\/06\/IMG_7474-3-300x173.jpg 300w, https:\/\/mimi.im-aufbruch.com\/wp-content\/uploads\/2024\/06\/IMG_7474-3-768x444.jpg 768w\" sizes=\"auto, (max-width: 934px) 100vw, 934px\" \/><\/figure>\n\n\n\n<h3 class=\"wp-block-heading\">Das Zentrum der Walz ist die Gruppe. <br>Und das Zentrum der Gruppe ist die Arbeit. <\/h3>\n\n\n\n<h5 class=\"wp-block-heading\">Weit mehr als bei den Weisen, wo das Zentrum das eigene Projekt innerhalb einer Gruppe ist. <br>Durch die gemeinsame Pr\u00e4senzwoche wird die Gruppe noch tiefer gefestigt. Sie begleitet und tr\u00e4gt jede einzelne Frau in ihren Prozessen, sowohl in Hinsicht auf die Innenarbeit als auch im gemeinsamen Werken. <br><br>Die Pr\u00e4senzwoche steht unter dem Thema &#8222;Geburt&#8220;. <br>Geburt als Symbol der Schwelle zwischen dem bisherigen Leben und dem Aufbruch in eine neue Haltung, die jede f\u00fcr sich definiert. <br><br>Wir arbeiten konkret an der K\u00f6rperhaltung, die direkten Einfluss auf unsere Lebenshaltung nimmt. Wir nutzen B\u00fchnen- und Stimmarbeit, um an pers\u00f6nlichen Themen zu feilen. Wir integrieren Werken und Rituale als sichtbare Umsetzung unserer Gedanken, Emotionen und Entscheidungen. <br><br>Es gibt noch freie Pl\u00e4tze!<br><\/h5>\n\n\n\n<h3 class=\"wp-block-heading\">Sollte dich die Walz interessieren, dann melde dich bei mir.<\/h3>\n\n\n\n<h5 class=\"wp-block-heading\">Maximal 9 Frauen k\u00f6nnen an der Walz teilnehmen.<br><br><br><\/h5>\n\n\n\n<figure class=\"wp-block-gallery has-nested-images columns-default is-cropped wp-block-gallery-2 is-layout-flex wp-block-gallery-is-layout-flex\">\n<figure class=\"wp-block-image size-large\"><img loading=\"lazy\" decoding=\"async\" width=\"1024\" height=\"577\" data-id=\"656\" src=\"http:\/\/mimi.im-aufbruch.com\/wp-content\/uploads\/2024\/06\/IMG_7478-1024x577.jpg\" alt=\"\" class=\"wp-image-656\" srcset=\"https:\/\/mimi.im-aufbruch.com\/wp-content\/uploads\/2024\/06\/IMG_7478-1024x577.jpg 1024w, https:\/\/mimi.im-aufbruch.com\/wp-content\/uploads\/2024\/06\/IMG_7478-300x169.jpg 300w, https:\/\/mimi.im-aufbruch.com\/wp-content\/uploads\/2024\/06\/IMG_7478-768x432.jpg 768w, https:\/\/mimi.im-aufbruch.com\/wp-content\/uploads\/2024\/06\/IMG_7478-1536x865.jpg 1536w, https:\/\/mimi.im-aufbruch.com\/wp-content\/uploads\/2024\/06\/IMG_7478.jpg 2048w\" sizes=\"auto, (max-width: 1024px) 100vw, 1024px\" \/><\/figure>\n\n\n\n<figure class=\"wp-block-image size-large\"><img loading=\"lazy\" decoding=\"async\" width=\"577\" height=\"1024\" data-id=\"658\" src=\"http:\/\/mimi.im-aufbruch.com\/wp-content\/uploads\/2024\/06\/IMG_7488-577x1024.jpg\" alt=\"\" class=\"wp-image-658\" srcset=\"https:\/\/mimi.im-aufbruch.com\/wp-content\/uploads\/2024\/06\/IMG_7488-577x1024.jpg 577w, https:\/\/mimi.im-aufbruch.com\/wp-content\/uploads\/2024\/06\/IMG_7488-169x300.jpg 169w, https:\/\/mimi.im-aufbruch.com\/wp-content\/uploads\/2024\/06\/IMG_7488-768x1364.jpg 768w, https:\/\/mimi.im-aufbruch.com\/wp-content\/uploads\/2024\/06\/IMG_7488-865x1536.jpg 865w, https:\/\/mimi.im-aufbruch.com\/wp-content\/uploads\/2024\/06\/IMG_7488.jpg 1153w\" sizes=\"auto, (max-width: 577px) 100vw, 577px\" \/><\/figure>\n\n\n\n<figure class=\"wp-block-image size-large\"><img loading=\"lazy\" decoding=\"async\" width=\"1024\" height=\"577\" data-id=\"654\" src=\"http:\/\/mimi.im-aufbruch.com\/wp-content\/uploads\/2024\/06\/IMG_7481-1024x577.jpg\" alt=\"\" class=\"wp-image-654\" srcset=\"https:\/\/mimi.im-aufbruch.com\/wp-content\/uploads\/2024\/06\/IMG_7481-1024x577.jpg 1024w, https:\/\/mimi.im-aufbruch.com\/wp-content\/uploads\/2024\/06\/IMG_7481-300x169.jpg 300w, https:\/\/mimi.im-aufbruch.com\/wp-content\/uploads\/2024\/06\/IMG_7481-768x432.jpg 768w, https:\/\/mimi.im-aufbruch.com\/wp-content\/uploads\/2024\/06\/IMG_7481-1536x865.jpg 1536w, https:\/\/mimi.im-aufbruch.com\/wp-content\/uploads\/2024\/06\/IMG_7481.jpg 2048w\" sizes=\"auto, (max-width: 1024px) 100vw, 1024px\" \/><\/figure>\n<\/figure>\n\n\n\n<h3 class=\"wp-block-heading has-gray-background-color has-background\">Die Walz kostet 2300 \u20ac.<br><br>2000 \u20ac sind Kursgeb\u00fchr, also mein Honorar.<br>300 \u20ac sind f\u00fcr Kost und Material. Diese werden vor Ort in bar abgerechnet.<\/h3>\n\n\n\n<h4 class=\"wp-block-heading\">Zahlungsbedingungen:<\/h4>\n\n\n\n<ul class=\"wp-block-list\">\n<li><strong>In drei Monatsraten: 700\u20ac + 700 \u20ac + 600 \u20ac = 2000 \u20ac.<\/strong><br>F\u00e4llig am 25. Dezember 2025, am 25. Januar 2026 und 25. Februar 2026.<br><\/li>\n\n\n\n<li><strong>Bei kleineren Raten berechne ich eine Bearbeitungsgeb\u00fchr von 100 \u20ac:<br>erste Rate von 660 \u20ac und  8 monatliche Folgeraten von 180 \u20ac = 2100 \u20ac.<\/strong><br>Erste Rate f\u00e4llig am 25. Dezember 2025, dann zu jedem 15. des Monats.<br><\/li>\n\n\n\n<li><strong>Bei Einmalzahlung gebe ich einen Dankesbonus von 100 \u20ac, d.h. die Kursgeb\u00fchr betr\u00e4gt dann 1900 \u20ac. <\/strong><br>F\u00e4llig am 25. Dezember 2025.<br><\/li>\n<\/ul>\n\n\n\n<figure class=\"wp-block-gallery has-nested-images columns-default is-cropped wp-block-gallery-3 is-layout-flex wp-block-gallery-is-layout-flex\">\n<figure class=\"wp-block-image size-large\"><img loading=\"lazy\" decoding=\"async\" width=\"577\" height=\"1024\" data-id=\"648\" src=\"http:\/\/mimi.im-aufbruch.com\/wp-content\/uploads\/2024\/06\/IMG_7499-577x1024.jpg\" alt=\"\" class=\"wp-image-648\" srcset=\"https:\/\/mimi.im-aufbruch.com\/wp-content\/uploads\/2024\/06\/IMG_7499-577x1024.jpg 577w, https:\/\/mimi.im-aufbruch.com\/wp-content\/uploads\/2024\/06\/IMG_7499-169x300.jpg 169w, https:\/\/mimi.im-aufbruch.com\/wp-content\/uploads\/2024\/06\/IMG_7499-768x1364.jpg 768w, https:\/\/mimi.im-aufbruch.com\/wp-content\/uploads\/2024\/06\/IMG_7499-865x1536.jpg 865w, https:\/\/mimi.im-aufbruch.com\/wp-content\/uploads\/2024\/06\/IMG_7499.jpg 1153w\" sizes=\"auto, (max-width: 577px) 100vw, 577px\" \/><\/figure>\n\n\n\n<figure class=\"wp-block-image size-large\"><img loading=\"lazy\" decoding=\"async\" width=\"540\" height=\"960\" data-id=\"647\" src=\"http:\/\/mimi.im-aufbruch.com\/wp-content\/uploads\/2024\/06\/IMG_7547.jpg\" alt=\"\" class=\"wp-image-647\" srcset=\"https:\/\/mimi.im-aufbruch.com\/wp-content\/uploads\/2024\/06\/IMG_7547.jpg 540w, https:\/\/mimi.im-aufbruch.com\/wp-content\/uploads\/2024\/06\/IMG_7547-169x300.jpg 169w\" sizes=\"auto, (max-width: 540px) 100vw, 540px\" \/><\/figure>\n\n\n\n<figure class=\"wp-block-image size-large\"><img loading=\"lazy\" decoding=\"async\" width=\"577\" height=\"1024\" data-id=\"649\" src=\"http:\/\/mimi.im-aufbruch.com\/wp-content\/uploads\/2024\/06\/IMG_7498-577x1024.jpg\" alt=\"\" class=\"wp-image-649\" srcset=\"https:\/\/mimi.im-aufbruch.com\/wp-content\/uploads\/2024\/06\/IMG_7498-577x1024.jpg 577w, https:\/\/mimi.im-aufbruch.com\/wp-content\/uploads\/2024\/06\/IMG_7498-169x300.jpg 169w, https:\/\/mimi.im-aufbruch.com\/wp-content\/uploads\/2024\/06\/IMG_7498-768x1364.jpg 768w, https:\/\/mimi.im-aufbruch.com\/wp-content\/uploads\/2024\/06\/IMG_7498-865x1536.jpg 865w, https:\/\/mimi.im-aufbruch.com\/wp-content\/uploads\/2024\/06\/IMG_7498.jpg 1153w\" sizes=\"auto, (max-width: 577px) 100vw, 577px\" \/><\/figure>\n<\/figure>\n\n\n\n<h4 class=\"wp-block-heading\">Ihr bekommt in der Pr\u00e4senzwoche hier vor Ort:<\/h4>\n\n\n\n<ul class=\"wp-block-list\">\n<li><strong>ein dreig\u00e4ngiges Abendmen\u00fc am Anreisetag<\/strong><\/li>\n\n\n\n<li><strong>jeden Tag w\u00e4hrend der 6 Arbeitstage ein dreig\u00e4ngiges Mittagsmen\u00fc<\/strong><\/li>\n\n\n\n<li><strong>Kaffee, Kuchen, Getr\u00e4nke<\/strong><\/li>\n\n\n\n<li><strong>B\u00fcffet bei der Nachteinheit<\/strong><\/li>\n\n\n\n<li><strong>Fr\u00fchst\u00fccksb\u00fcffet am Abreisetag<\/strong><\/li>\n<\/ul>\n\n\n\n<h5 class=\"wp-block-heading\">Wir kochen vegetarisch. Bei Lebensmittelunvertr\u00e4glichkeiten etc. bitte vorher Bescheid geben, damit ich das mit meinem Mann durchsprechen kann. Er ist unser Koch. <br><br>Ich habe in all den Jahren Kursarbeit viel Missbrauch erlebt, was sogenannte Lebenmittelunvertr\u00e4glichkeiten angeht. Also viele Sonderw\u00fcnsche, die sich je nach Dessert pl\u00f6tzlich in Luft aufl\u00f6sten. Ich bin da inzwischen streng. Wir kommen euch diesbez\u00fcglich nat\u00fcrlich entgegen, ich werde es aber berechnen. Deswegen m\u00fcssen wir das Thema vorab durchsprechen, damit mein Mann den zus\u00e4tzlichen Aufwand absch\u00e4tzen kann. <br>Danke f\u00fcr euer Verst\u00e4ndnis. <\/h5>\n\n\n\n<figure class=\"wp-block-gallery has-nested-images columns-default is-cropped wp-block-gallery-4 is-layout-flex wp-block-gallery-is-layout-flex\">\n<figure class=\"wp-block-image size-large\"><img loading=\"lazy\" decoding=\"async\" width=\"577\" height=\"1024\" data-id=\"660\" src=\"http:\/\/mimi.im-aufbruch.com\/wp-content\/uploads\/2024\/06\/IMG_3448-577x1024.jpg\" alt=\"\" class=\"wp-image-660\" srcset=\"https:\/\/mimi.im-aufbruch.com\/wp-content\/uploads\/2024\/06\/IMG_3448-577x1024.jpg 577w, https:\/\/mimi.im-aufbruch.com\/wp-content\/uploads\/2024\/06\/IMG_3448-169x300.jpg 169w, https:\/\/mimi.im-aufbruch.com\/wp-content\/uploads\/2024\/06\/IMG_3448-768x1364.jpg 768w, https:\/\/mimi.im-aufbruch.com\/wp-content\/uploads\/2024\/06\/IMG_3448-865x1536.jpg 865w, https:\/\/mimi.im-aufbruch.com\/wp-content\/uploads\/2024\/06\/IMG_3448.jpg 1153w\" sizes=\"auto, (max-width: 577px) 100vw, 577px\" \/><\/figure>\n\n\n\n<figure class=\"wp-block-image size-large\"><img loading=\"lazy\" decoding=\"async\" width=\"577\" height=\"1024\" data-id=\"661\" src=\"http:\/\/mimi.im-aufbruch.com\/wp-content\/uploads\/2024\/06\/IMG_3454-577x1024.jpg\" alt=\"\" class=\"wp-image-661\" srcset=\"https:\/\/mimi.im-aufbruch.com\/wp-content\/uploads\/2024\/06\/IMG_3454-577x1024.jpg 577w, https:\/\/mimi.im-aufbruch.com\/wp-content\/uploads\/2024\/06\/IMG_3454-169x300.jpg 169w, https:\/\/mimi.im-aufbruch.com\/wp-content\/uploads\/2024\/06\/IMG_3454-768x1364.jpg 768w, https:\/\/mimi.im-aufbruch.com\/wp-content\/uploads\/2024\/06\/IMG_3454-865x1536.jpg 865w, https:\/\/mimi.im-aufbruch.com\/wp-content\/uploads\/2024\/06\/IMG_3454.jpg 1153w\" sizes=\"auto, (max-width: 577px) 100vw, 577px\" \/><\/figure>\n\n\n\n<figure class=\"wp-block-image size-large\"><img loading=\"lazy\" decoding=\"async\" width=\"577\" height=\"1024\" data-id=\"659\" src=\"http:\/\/mimi.im-aufbruch.com\/wp-content\/uploads\/2024\/06\/IMG_3450-577x1024.jpg\" alt=\"\" class=\"wp-image-659\" srcset=\"https:\/\/mimi.im-aufbruch.com\/wp-content\/uploads\/2024\/06\/IMG_3450-577x1024.jpg 577w, https:\/\/mimi.im-aufbruch.com\/wp-content\/uploads\/2024\/06\/IMG_3450-169x300.jpg 169w, https:\/\/mimi.im-aufbruch.com\/wp-content\/uploads\/2024\/06\/IMG_3450-768x1364.jpg 768w, https:\/\/mimi.im-aufbruch.com\/wp-content\/uploads\/2024\/06\/IMG_3450-865x1536.jpg 865w, https:\/\/mimi.im-aufbruch.com\/wp-content\/uploads\/2024\/06\/IMG_3450.jpg 1153w\" sizes=\"auto, (max-width: 577px) 100vw, 577px\" \/><\/figure>\n<\/figure>\n\n\n\n<h5 class=\"wp-block-heading\">Wir finden auf der Walz die Einzelarbeit aus den Weisen wieder. Ihr kennt sie bereits. Hier habt ihr einen monatlichen Rhythmus, was tieferes Graben erm\u00f6glicht. <br><br>Ihr k\u00f6nnt diese 9 Monate nutzen, um an einem Projekt zu arbeiten. Ihr k\u00f6nnt einfach nur zwischen den G\u00f6ttinnen navigieren. Ihr k\u00f6nnt auch erst mittendrin auf ein Projekt zusteuern. <br>All das ist euch freigestellt. <br>Ihr solltet lediglich wissen, warum ihr an der Walz teilnehmen wollt und ich bitte euch darum, das bei eurer Anmeldung f\u00fcr mich und f\u00fcr euch selbst auszuformulieren.<br><br>Mir pers\u00f6nlich hat mein eigenes Walzen beim Erstellen und Durcharbeiten dieses Kurses erlaubt, mein Leben aus einer neuen Perspektive zu betrachten. Noch weiter in die Trag\u00f6die zu gehen und bis in die Loge der Kom\u00f6die zu steigen, um meinen weiteren Weg zu kl\u00e4ren. Ich konnte leichter Entscheidungen treffen, da mir durch das Erkennen meiner Archetypen jeder Zweifel genommen wurde. <\/h5>\n\n\n\n<h3 class=\"wp-block-heading\">Bei Interesse erfolgt die Anmeldung via mail:<\/h3>\n\n\n\n<h2 class=\"wp-block-heading\"><a href=\"mailto:mimi@im-aufbruch.com\">mimi@im-aufbruch.com<\/a><\/h2>\n\n\n\n<figure class=\"wp-block-gallery has-nested-images columns-default is-cropped wp-block-gallery-5 is-layout-flex wp-block-gallery-is-layout-flex\">\n<figure class=\"wp-block-image size-large\"><img loading=\"lazy\" decoding=\"async\" width=\"959\" height=\"540\" data-id=\"652\" src=\"http:\/\/mimi.im-aufbruch.com\/wp-content\/uploads\/2024\/06\/IMG_7521.jpg\" alt=\"\" class=\"wp-image-652\" srcset=\"https:\/\/mimi.im-aufbruch.com\/wp-content\/uploads\/2024\/06\/IMG_7521.jpg 959w, https:\/\/mimi.im-aufbruch.com\/wp-content\/uploads\/2024\/06\/IMG_7521-300x169.jpg 300w, https:\/\/mimi.im-aufbruch.com\/wp-content\/uploads\/2024\/06\/IMG_7521-768x432.jpg 768w, https:\/\/mimi.im-aufbruch.com\/wp-content\/uploads\/2024\/06\/IMG_7521-940x528.jpg 940w\" sizes=\"auto, (max-width: 959px) 100vw, 959px\" \/><\/figure>\n<\/figure>\n\n\n\n<p>Alle Fotos dieser Seite:<br>Angela Stegmeyer<\/p>\n","protected":false},"excerpt":{"rendered":"<p>Die Walz ist der Aufbaukurs der Wilden Weisen. Es k\u00f6nnen<span class=\"more-button\"><a href=\"https:\/\/mimi.im-aufbruch.com\/index.php\/walz\/\" class=\"more-link\">Continue reading<span class=\"screen-reader-text\">Walz!<\/span><\/a><\/span><\/p>\n","protected":false},"author":1,"featured_media":0,"parent":0,"menu_order":0,"comment_status":"closed","ping_status":"closed","template":"","meta":{"footnotes":""},"class_list":["post-24","page","type-page","status-publish","hentry"],"_links":{"self":[{"href":"https:\/\/mimi.im-aufbruch.com\/index.php\/wp-json\/wp\/v2\/pages\/24","targetHints":{"allow":["GET"]}}],"collection":[{"href":"https:\/\/mimi.im-aufbruch.com\/index.php\/wp-json\/wp\/v2\/pages"}],"about":[{"href":"https:\/\/mimi.im-aufbruch.com\/index.php\/wp-json\/wp\/v2\/types\/page"}],"author":[{"embeddable":true,"href":"https:\/\/mimi.im-aufbruch.com\/index.php\/wp-json\/wp\/v2\/users\/1"}],"replies":[{"embeddable":true,"href":"https:\/\/mimi.im-aufbruch.com\/index.php\/wp-json\/wp\/v2\/comments?post=24"}],"version-history":[{"count":63,"href":"https:\/\/mimi.im-aufbruch.com\/index.php\/wp-json\/wp\/v2\/pages\/24\/revisions"}],"predecessor-version":[{"id":880,"href":"https:\/\/mimi.im-aufbruch.com\/index.php\/wp-json\/wp\/v2\/pages\/24\/revisions\/880"}],"wp:attachment":[{"href":"https:\/\/mimi.im-aufbruch.com\/index.php\/wp-json\/wp\/v2\/media?parent=24"}],"curies":[{"name":"wp","href":"https:\/\/api.w.org\/{rel}","templated":true}]}}