{"id":679,"date":"2024-06-25T16:02:10","date_gmt":"2024-06-25T14:02:10","guid":{"rendered":"http:\/\/mimi.im-aufbruch.com\/?page_id=679"},"modified":"2024-06-25T16:02:54","modified_gmt":"2024-06-25T14:02:54","slug":"agb","status":"publish","type":"page","link":"https:\/\/mimi.im-aufbruch.com\/index.php\/agb\/","title":{"rendered":"AGB"},"content":{"rendered":"\n<h2 class=\"wp-block-heading\">Allgemeine Gesch\u00e4ftsbedingungen<\/h2>\n\n\n\n<h4 class=\"wp-block-heading\">\u00a71 &#8211; Kursanmeldungen<\/h4>\n\n\n\n<p>Anmeldungen zu meinen Veranstaltungen werden ausschliesslich schriftlich angenommen. <br>Um die Anmeldungen bearbeiten zu k\u00f6nnen, wird um vollst\u00e4ndige Angabe der Daten ersucht. <br>Die Anmeldung wird verbindlich bei \u00dcberweisungseingang der Kursgeb\u00fchr. <\/p>\n\n\n\n<h4 class=\"wp-block-heading\">\u00a72 &#8211; Kriterien der Platzvergabe<\/h4>\n\n\n\n<p>Es gilt die Reihenfolge der \u00dcberweisungseing\u00e4nge. <br>Als Kursleiter behalte ich es mir vor, Interessenten aus medizinisch-psychologischen Gr\u00fcnden abzuweisen. Ich biete k\u00fcnstlerische Arbeit an und bin in keinem Fall bef\u00e4higt, therapeutische Begleitung zu leisten. <br>Als Kursleiter r\u00e4ume ich mir auch das Recht ein, jene Teilnehmer auszuschliessen, die sich offensiv st\u00f6rend verhalten und damit den reibungslosen Ablauf meiner Kurse verhindern. <br>Ich werde den betreffenden Teilnehmer zu einem gemeinsamen Gespr\u00e4ch bitten und die Problematik ansprechen. <br>Ver\u00e4ndert sich diese Haltung nicht, so folgt zum Wohle der Gruppe und der gemeinsamen Arbeit der Ausschluss des entsprechenden Teilnehmers. <br>Die Kursgeb\u00fchr wird nicht zur\u00fcckerstattet.<\/p>\n\n\n\n<h4 class=\"wp-block-heading\">\u00a73 &#8211; Preise \/ Leistungen<\/h4>\n\n\n\n<p>Die Teilnahmegeb\u00fchren beinhalten Kurskosten. Material- und Verpflegungskosten werden, soweit in der jeweiligen Kursausschreibung nicht anders angegeben, vor Ort separat abgerechnet. <br>Fahrtkosten sind vom Teilnehmer selbst zu tragen. <\/p>\n\n\n\n<h4 class=\"wp-block-heading\">\u00a74 &#8211; Zahlungsbedingungen<\/h4>\n\n\n\n<p>Die Bezahlung der Teilnahmegeb\u00fchren ist nach meiner schriftlichen Zusage zu erledigen. Nur so wird der gew\u00fcnschte Kursplatz verbindlich reserviert. <br>\u00dcberweisungen aus dem Ausland sind f\u00fcr den Empf\u00e4nger spesenfrei zu halten. <\/p>\n\n\n\n<h4 class=\"wp-block-heading\">\u00a75 &#8211; R\u00fccktrittsbedingungen \/ Storno<\/h4>\n\n\n\n<p>Bei R\u00fccktritt von einer Veranstaltung gelten folgende Stornobedingungen:<br>Bei R\u00fccktritt bis 8 Wochen vor der Veranstaltungsbeginn fallen 20% Stornogeb\u00fchr an. <br>Bei R\u00fccktritt bis 4 Wochen vor der Veranstaltungsbeginn fallen 50% Stornogeb\u00fchr an.<br>Bei Nichterscheinen des Teilnehmers wird die gesamte Kursgeb\u00fchr einbehalten. <br>Die Stornierung bedarf der Schriftform. <br>Die Nennung eines Ersatzteilnehmers ist nach Absprache jederzeit m\u00f6glich. Eine Umbuchung auf einen anderen Termin kann leider nicht akzeptiert werden. <br>Sollte ich als Kursleiter wegen h\u00f6herer Gewalt, Krankheit, Unfall oder sonstiger, nicht von mir zu vertretenden Umst\u00e4nde, ausfallen oder der Kurs wegen mangelnder Teilnehmerzahl abgesagt werden, wird Ihnen die Kursgeb\u00fchr selbstverst\u00e4ndlich unter Ausschluss jeglicher Schadensersatzpflichten in voller H\u00f6he zur\u00fcckerstattet.  <br><br>Obacht:<br>Bei Online-Kursen gibt es keine Stornom\u00f6glichkeiten. <\/p>\n\n\n\n<h4 class=\"wp-block-heading\">\u00a76 &#8211; Haftung und Versicherung<\/h4>\n\n\n\n<p>Als Kursleiter \u00fcbernehme ich keine Haftung f\u00fcr Personensch\u00e4den oder Sachsch\u00e4den in Zusammenhang mit der Durchf\u00fchrung meiner Kursveranstaltungen. <br>Mit der Anmeldung best\u00e4tigt der Teilnehmer seine k\u00f6rperliche und geistige Gesundheit und \u00fcbernimmt f\u00fcr etwaige physische oder psychische Probleme im Rahmen der Veranstaltung die alleinige Verantwortung. <br>Bei gesundheitlichen Vorbelastungen bzw. speziellen Erkrankungen sollten Sie das Einverst\u00e4ndnis Ihres Arztes einholen und mich dar\u00fcber vorab informieren. <\/p>\n\n\n\n<h4 class=\"wp-block-heading\">\u00a77 &#8211; Datenschutz<\/h4>\n\n\n\n<p>Die Daten der Teilnehmer werden ausnahmslos f\u00fcr Zwecke der Verwaltung der genannten Veranstaltung genutzt. Eine Weitergabe der Daten an Dritte ist nur in Absprache mit den Teilnehmern m\u00f6glich. <\/p>\n","protected":false},"excerpt":{"rendered":"<p>Allgemeine Gesch\u00e4ftsbedingungen \u00a71 &#8211; Kursanmeldungen Anmeldungen zu meinen Veranstaltungen werden<span class=\"more-button\"><a href=\"https:\/\/mimi.im-aufbruch.com\/index.php\/agb\/\" class=\"more-link\">Continue reading<span class=\"screen-reader-text\">AGB<\/span><\/a><\/span><\/p>\n","protected":false},"author":1,"featured_media":0,"parent":0,"menu_order":0,"comment_status":"closed","ping_status":"closed","template":"","meta":{"footnotes":""},"class_list":["post-679","page","type-page","status-publish","hentry"],"_links":{"self":[{"href":"https:\/\/mimi.im-aufbruch.com\/index.php\/wp-json\/wp\/v2\/pages\/679","targetHints":{"allow":["GET"]}}],"collection":[{"href":"https:\/\/mimi.im-aufbruch.com\/index.php\/wp-json\/wp\/v2\/pages"}],"about":[{"href":"https:\/\/mimi.im-aufbruch.com\/index.php\/wp-json\/wp\/v2\/types\/page"}],"author":[{"embeddable":true,"href":"https:\/\/mimi.im-aufbruch.com\/index.php\/wp-json\/wp\/v2\/users\/1"}],"replies":[{"embeddable":true,"href":"https:\/\/mimi.im-aufbruch.com\/index.php\/wp-json\/wp\/v2\/comments?post=679"}],"version-history":[{"count":2,"href":"https:\/\/mimi.im-aufbruch.com\/index.php\/wp-json\/wp\/v2\/pages\/679\/revisions"}],"predecessor-version":[{"id":681,"href":"https:\/\/mimi.im-aufbruch.com\/index.php\/wp-json\/wp\/v2\/pages\/679\/revisions\/681"}],"wp:attachment":[{"href":"https:\/\/mimi.im-aufbruch.com\/index.php\/wp-json\/wp\/v2\/media?parent=679"}],"curies":[{"name":"wp","href":"https:\/\/api.w.org\/{rel}","templated":true}]}}