{"id":722,"date":"2025-01-27T16:08:30","date_gmt":"2025-01-27T15:08:30","guid":{"rendered":"http:\/\/mimi.im-aufbruch.com\/?page_id=722"},"modified":"2026-01-27T11:10:55","modified_gmt":"2026-01-27T10:10:55","slug":"praesenzkurs-maske","status":"publish","type":"page","link":"https:\/\/mimi.im-aufbruch.com\/index.php\/praesenzkurs-maske\/","title":{"rendered":"Pr\u00e4senzkurs Maske"},"content":{"rendered":"\n<figure class=\"wp-block-gallery has-nested-images columns-default is-cropped wp-block-gallery-1 is-layout-flex wp-block-gallery-is-layout-flex\">\n<figure class=\"wp-block-image size-large\"><img loading=\"lazy\" decoding=\"async\" width=\"959\" height=\"540\" data-id=\"723\" src=\"http:\/\/mimi.im-aufbruch.com\/wp-content\/uploads\/2025\/01\/IMG_7484.jpg\" alt=\"\" class=\"wp-image-723\" srcset=\"https:\/\/mimi.im-aufbruch.com\/wp-content\/uploads\/2025\/01\/IMG_7484.jpg 959w, https:\/\/mimi.im-aufbruch.com\/wp-content\/uploads\/2025\/01\/IMG_7484-300x169.jpg 300w, https:\/\/mimi.im-aufbruch.com\/wp-content\/uploads\/2025\/01\/IMG_7484-768x432.jpg 768w, https:\/\/mimi.im-aufbruch.com\/wp-content\/uploads\/2025\/01\/IMG_7484-940x528.jpg 940w\" sizes=\"auto, (max-width: 959px) 100vw, 959px\" \/><\/figure>\n<\/figure>\n\n\n\n<p>Der Pr\u00e4senzkurs findet in Frankreich (23150 Maisonnisses, 70 km von Limoges entfernt) statt.<br>Es braucht keinerlei Vorkenntnisse f\u00fcr die Teilnahme.<\/p>\n\n\n\n<h2 class=\"wp-block-heading\">Die Maske<\/h2>\n\n\n\n<p>Theaterarbeit mit der Maske erm\u00f6glicht, den Schauspieler als Person umgehend auszul\u00f6schen. <br>Die Maske erwacht nur dann zum Leben, wenn der Schauspieler ihr erlaubt, ihr Werkzeug zu sein. <br>Der menschliche K\u00f6rper gleitet in eine andere Identit\u00e4t. Und durch die Maske in einen anderen Ausdruck. <br><br>Die Maske verbirgt das Gesicht des Schauspielers. Emotionen k\u00f6nnen also nicht mehr im Gesicht dargestellt und vom Publikum abgelesen werden. Es ist der K\u00f6rper, seine Haltung und der Rhythmus seiner Bewegungen, die zur Sprache der Maske werden.<br><br>Es gibt unterschiedliche Masken. <br>Manche Masken bedecken das komplette Gesicht und sind somit stumme Masken. Andere bedecken nur die obere H\u00e4lfte des Gesichtes und lassen den Mund frei. Diese Masken haben eine Stimme.<br>Die Clownsnase wird oftmals als die kleinste Maske der Welt bezeichnet.  <br><br>Das Spiel mit der Maske wirft immer auch menschliche Themen auf. Wo in unserem Leben tragen wir eine Maske? Was ist der Unterschied zwischen Maske und Rolle? Beherrscht die Maske uns oder beherrschen wir die Maske? Warum tragen wir Masken und wie befreien wir uns von ihnen?<\/p>\n\n\n\n<h3 class=\"wp-block-heading\">Struktur<\/h3>\n\n\n\n<p>Dieser Kurs geht \u00fcber 7 Tage, wobei der erste und der letzte Tag der An- und Abreise dienen. Allerdings beginnen wir unsere Zusammenkunft am Abend des Anreisetages mit einem gemeinsamen Abendessen, dann folgen 5 Arbeitstage und der Kurs endet am Abreisetag nach dem gemeinsamen Fr\u00fchst\u00fcck. <\/p>\n\n\n\n<h4 class=\"wp-block-heading\">In meinen Pr\u00e4senzkursen gibt es eine Kleiderordnung. <\/h4>\n\n\n\n<p>Ich bitte um schwarze und bequeme Kleidung. Wir arbeiten teilweise an kleinen pr\u00e4zisen Dingen und ich m\u00f6chte unseren Arbeitsraum optisch ruhig halten. Bunte Klamotten, Streifen, Markenembleme, Schmuck, Schminke etc nehmen viel Aufmerksamkeit in Anspruch. Ich m\u00f6chte die Aufmerksamkeit auf die anwesenden Menschen und unsere Arbeit legen und nicht auf Klamotten und co. <br>Aus Erfahrung weiss ich, dass schwarze Kleidung f\u00fcr manche Menschen ein Problemthema ist. Ich werde das Thema nicht ausdiskutieren. Wenn diese Vorgabe st\u00f6rt: einfach nicht anmelden.<\/p>\n\n\n\n<h3 class=\"wp-block-heading has-black-color has-gray-background-color has-text-color has-background has-link-color wp-elements-32574a6b69c06df873eab6e6612f918c\">Dieser Kurs findet erst wieder 2027 statt.<\/h3>\n\n\n\n<figure class=\"wp-block-gallery has-nested-images columns-default is-cropped wp-block-gallery-2 is-layout-flex wp-block-gallery-is-layout-flex\">\n<figure class=\"wp-block-image size-large\"><img loading=\"lazy\" decoding=\"async\" width=\"577\" height=\"1024\" data-id=\"658\" src=\"http:\/\/mimi.im-aufbruch.com\/wp-content\/uploads\/2024\/06\/IMG_7488-577x1024.jpg\" alt=\"\" class=\"wp-image-658\" srcset=\"https:\/\/mimi.im-aufbruch.com\/wp-content\/uploads\/2024\/06\/IMG_7488-577x1024.jpg 577w, https:\/\/mimi.im-aufbruch.com\/wp-content\/uploads\/2024\/06\/IMG_7488-169x300.jpg 169w, https:\/\/mimi.im-aufbruch.com\/wp-content\/uploads\/2024\/06\/IMG_7488-768x1364.jpg 768w, https:\/\/mimi.im-aufbruch.com\/wp-content\/uploads\/2024\/06\/IMG_7488-865x1536.jpg 865w, https:\/\/mimi.im-aufbruch.com\/wp-content\/uploads\/2024\/06\/IMG_7488.jpg 1153w\" sizes=\"auto, (max-width: 577px) 100vw, 577px\" \/><\/figure>\n\n\n\n<figure class=\"wp-block-image size-large\"><img loading=\"lazy\" decoding=\"async\" width=\"1024\" height=\"577\" data-id=\"656\" src=\"http:\/\/mimi.im-aufbruch.com\/wp-content\/uploads\/2024\/06\/IMG_7478-1024x577.jpg\" alt=\"\" class=\"wp-image-656\" srcset=\"https:\/\/mimi.im-aufbruch.com\/wp-content\/uploads\/2024\/06\/IMG_7478-1024x577.jpg 1024w, https:\/\/mimi.im-aufbruch.com\/wp-content\/uploads\/2024\/06\/IMG_7478-300x169.jpg 300w, https:\/\/mimi.im-aufbruch.com\/wp-content\/uploads\/2024\/06\/IMG_7478-768x432.jpg 768w, https:\/\/mimi.im-aufbruch.com\/wp-content\/uploads\/2024\/06\/IMG_7478-1536x865.jpg 1536w, https:\/\/mimi.im-aufbruch.com\/wp-content\/uploads\/2024\/06\/IMG_7478.jpg 2048w\" sizes=\"auto, (max-width: 1024px) 100vw, 1024px\" \/><\/figure>\n<\/figure>\n\n\n\n<h3 class=\"wp-block-heading\">Inhalte<\/h3>\n\n\n\n<p>Wir machen K\u00f6rper\u00fcbungen, arbeiten mit Bewegung und Theaterimprovisation. Wir bauen uns eine B\u00fchne und arbeiten mit ihr. <br><br>Der Kurs steht unter dem Thema der Maske. <br>Wir werden das Maskenspiel miteinander erkunden und jede Teilnehmerin wird vor Ort eine Maske bauen. <br><br>Ich bitte darum, einige Requisiten mitzubringen, beispielsweise:<\/p>\n\n\n\n<ul class=\"wp-block-list\">\n<li> alte Handtasche<\/li>\n\n\n\n<li>Hut<\/li>\n\n\n\n<li>auff\u00e4llige Halskette<\/li>\n\n\n\n<li>T\u00fccher, Schals, Handschuhe<\/li>\n\n\n\n<li>Kost\u00fcmelemente, also keine private Kleidung, sondern Klamotten, die ihr in eurem Leben nicht (mehr) tragt<\/li>\n\n\n\n<li>Schuhe<\/li>\n<\/ul>\n\n\n\n<p>Wir k\u00f6nnen das in der FB-Vorbereitungsgruppe besprechen.<\/p>\n\n\n\n<h3 class=\"wp-block-heading has-black-color has-gray-background-color has-text-color has-background has-link-color wp-elements-4e53b2630f483e9589f4463becc0117a\">Der Folgekurs kostet 1080 \u20ac.<br><br>880 \u20ac sind mein Honorar. <br>200 \u20ac sind f\u00fcr Kost und Material. Diese werden vor Ort in bar abgerechnet. <\/h3>\n\n\n\n<p>Ratenzahlung f\u00fcr mein Honorar ist m\u00f6glich. Ich berechne in diesem Fall eine Bearbeitungsgeb\u00fchr. <br>Mein Honorar sind dann 900\u20ac in drei Raten zu je 300\u20ac.<\/p>\n\n\n\n<p><strong>Die Teilnehmerzahl ist auf 8 Frauen begrenzt. <\/strong><br><br>Bei uns bekommt ihr am Anreisetag ein 3-g\u00e4ngiges Men\u00fc (Vor-, Haupt- und Nachspeise). <br>Dann an jedem der 5 Arbeitstage zu Mittag ebenso ein 3-g\u00e4ngiges Men\u00fc. Plus Kaffee, Kuchen, Getr\u00e4nke am Nachmittag. <br>Am Abreisetag gibt es ein Fr\u00fchst\u00fccksb\u00fcffet.<\/p>\n\n\n\n<h4 class=\"wp-block-heading\">Das gemeinsame Essen ist fester Bestandteil des Kurses.<\/h4>\n\n\n\n<p>Ich \u00f6ffne vor dem Kurs eine Organisationsgruppe auf Facebook. So k\u00f6nnt ihr auch Mitfahrgelegenheiten etc koordinieren.<\/p>\n\n\n\n<p><\/p>\n\n\n\n<h4 class=\"wp-block-heading\">Anmeldung erfolgt via mail unter:<\/h4>\n\n\n\n<h2 class=\"wp-block-heading\"><a href=\"mailto:mimi@im-aufbruch.com\">mimi@im-aufbruch.com<\/a><\/h2>\n","protected":false},"excerpt":{"rendered":"<p>Der Pr\u00e4senzkurs findet in Frankreich (23150 Maisonnisses, 70 km von<span class=\"more-button\"><a href=\"https:\/\/mimi.im-aufbruch.com\/index.php\/praesenzkurs-maske\/\" class=\"more-link\">Continue reading<span class=\"screen-reader-text\">Pr\u00e4senzkurs Maske<\/span><\/a><\/span><\/p>\n","protected":false},"author":1,"featured_media":0,"parent":0,"menu_order":0,"comment_status":"closed","ping_status":"closed","template":"","meta":{"footnotes":""},"class_list":["post-722","page","type-page","status-publish","hentry"],"_links":{"self":[{"href":"https:\/\/mimi.im-aufbruch.com\/index.php\/wp-json\/wp\/v2\/pages\/722","targetHints":{"allow":["GET"]}}],"collection":[{"href":"https:\/\/mimi.im-aufbruch.com\/index.php\/wp-json\/wp\/v2\/pages"}],"about":[{"href":"https:\/\/mimi.im-aufbruch.com\/index.php\/wp-json\/wp\/v2\/types\/page"}],"author":[{"embeddable":true,"href":"https:\/\/mimi.im-aufbruch.com\/index.php\/wp-json\/wp\/v2\/users\/1"}],"replies":[{"embeddable":true,"href":"https:\/\/mimi.im-aufbruch.com\/index.php\/wp-json\/wp\/v2\/comments?post=722"}],"version-history":[{"count":28,"href":"https:\/\/mimi.im-aufbruch.com\/index.php\/wp-json\/wp\/v2\/pages\/722\/revisions"}],"predecessor-version":[{"id":895,"href":"https:\/\/mimi.im-aufbruch.com\/index.php\/wp-json\/wp\/v2\/pages\/722\/revisions\/895"}],"wp:attachment":[{"href":"https:\/\/mimi.im-aufbruch.com\/index.php\/wp-json\/wp\/v2\/media?parent=722"}],"curies":[{"name":"wp","href":"https:\/\/api.w.org\/{rel}","templated":true}]}}